{"id":94305,"date":"2014-06-02T11:17:04","date_gmt":"2014-06-02T03:17:04","guid":{"rendered":"https:\/\/stbadmintonacademy.my\/training-contact-information\/"},"modified":"2025-12-12T19:17:13","modified_gmt":"2025-12-12T11:17:13","slug":"training-contact-information","status":"publish","type":"page","link":"https:\/\/stbadmintonacademy.my\/vi\/training-contact-information\/","title":{"rendered":"Li\u00ean h\u1ec7 ch\u00fang t\u00f4i"},"content":{"rendered":"<div class=\"gb-container gb-container-b987a394\"><div class=\"gb-inside-container\">\n\n<h1 class=\"gb-headline gb-headline-3b9dd504 gb-headline-text\"><strong>Li\u00ean H\u1ec7 <mark style=\"background-color:rgba(0, 0, 0, 0)\" class=\"has-inline-color has-global-color-7-color\">Luy\u1ec7n T\u1eadp C\u1ea7u L\u00f4ng<\/mark><\/strong><\/h1>\n\n\n<nav aria-label=\"breadcrumbs\" class=\"rank-math-breadcrumb\"><p><span class=\"last\">Home<\/span><\/p><\/nav>\n\n\n\n<p class=\"gb-headline gb-headline-d62b776b gb-headline-text\"><br>Th\u00f4ng tin li\u00ean h\u1ec7 ch\u01b0\u01a1ng tr\u00ecnh <strong>luy\u1ec7n t\u1eadp c\u1ea7u l\u00f4ng<\/strong>, \u0111\u1eb7c bi\u1ec7t l\u00e0 c\u00e1c <a href=\"https:\/\/stbadmintonacademy.my\/vi\/badminton-classes-for-kids-singapore\/\"><strong>l\u1edbp h\u1ecdc c\u1ea7u l\u00f4ng cho tr\u1ebb em<\/strong><\/a>, lu\u00f4n m\u1edf r\u1ed9ng ch\u00e0o \u0111\u00f3n nh\u1eefng ai \u0111am m\u00ea v\u00e0 y\u00eau th\u00edch b\u1ed9 m\u00f4n n\u00e0y. Xin l\u01b0u \u00fd, ch\u00fang t\u00f4i ho\u1ea1t \u0111\u1ed9ng v\u00ec ni\u1ec1m \u0111am m\u00ea th\u1ec3 thao, kh\u00f4ng \u0111\u1eb7t n\u1eb7ng m\u1ee5c \u0111\u00edch kinh doanh.<\/p>\n\n<\/div><div class=\"gb-shapes\"><div class=\"gb-shape gb-shape-1\"><svg xmlns=\"http:\/\/www.w3.org\/2000\/svg\" viewBox=\"0 0 1200 218\" preserveAspectRatio=\"none\"><path d=\"M0 218h1200v-31.3l-40 4.4c-40 4.8-120 13.1-200 0-80-13.6-160-48.6-240-66.7-80-17.8-160-17.8-240-8.8-80 8.6-160 26.9-240 8.8-80-17.7-160-71.1-200-97.7L0 0v218z\"\/><\/svg><\/div><div class=\"gb-shape gb-shape-2\"><svg xmlns=\"http:\/\/www.w3.org\/2000\/svg\" viewBox=\"0 0 1200 218\" preserveAspectRatio=\"none\"><path d=\"M0 218h1200v-31.3l-40 4.4c-40 4.8-120 13.1-200 0-80-13.6-160-48.6-240-66.7-80-17.8-160-17.8-240-8.8-80 8.6-160 26.9-240 8.8-80-17.7-160-71.1-200-97.7L0 0v218z\"\/><\/svg><\/div><div class=\"gb-shape gb-shape-3\"><svg xmlns=\"http:\/\/www.w3.org\/2000\/svg\" viewBox=\"0 0 1200 218\" preserveAspectRatio=\"none\"><path d=\"M0 218h1200v-31.3l-40 4.4c-40 4.8-120 13.1-200 0-80-13.6-160-48.6-240-66.7-80-17.8-160-17.8-240-8.8-80 8.6-160 26.9-240 8.8-80-17.7-160-71.1-200-97.7L0 0v218z\"\/><\/svg><\/div><\/div><\/div>\n\n<div class=\"gb-container gb-container-8f65544b\"><div class=\"gb-inside-container\">\n<div class=\"gb-grid-wrapper gb-grid-wrapper-dc9ef145\">\n<div class=\"gb-grid-column gb-grid-column-405b07f1\"><div class=\"gb-container gb-container-405b07f1\"><a class=\"gb-container-link\" href=\"\/vi\/training-faq\/\"><\/a><div class=\"gb-inside-container\">\n\n<h5 class=\"gb-headline gb-headline-b919d4a1\"><span class=\"gb-icon\"><svg xml:space=\"preserve\" style=\"enable-background:new 0 0 512 512;\" viewBox=\"0 0 512 512\" y=\"0px\" x=\"0px\" xmlns:xlink=\"http:\/\/www.w3.org\/1999\/xlink\" xmlns=\"http:\/\/www.w3.org\/2000\/svg\" id=\"Layer_1\" version=\"1.1\"> <g> \t<g> \t\t<path d=\"M453.708,186.943H288.512c0.569-3.022,0.869-6.105,0.869-9.245V76.216c0-27.432-22.317-49.748-49.748-49.748H49.737 \t\t\tC22.311,26.468,0,48.784,0,76.216v101.482c0,27.425,22.311,49.736,49.737,49.736h29.221l-1.577,36.738 \t\t\tc-0.142,3.315,1.577,6.432,4.457,8.079c1.367,0.782,2.886,1.171,4.405,1.171c1.679,0,3.356-0.477,4.819-1.424l68.856-44.565h8.724 \t\t\tc-1.802,5.611-2.786,11.585-2.786,17.786v122.676c0,32.134,26.143,58.278,58.278,58.278h25.178l55.514,56.695 \t\t\tc1.697,1.734,3.993,2.664,6.337,2.664c0.985,0,1.978-0.164,2.94-0.503c3.25-1.142,5.544-4.063,5.884-7.491l5.097-51.365h128.625 \t\t\tc32.143,0,58.292-26.144,58.292-58.278V245.22C512,213.085,485.85,186.943,453.708,186.943z M177.98,209.696h-20.683 \t\t\tc-1.71,0-3.383,0.494-4.819,1.424l-56.639,36.658l1.238-28.832c0.104-2.416-0.784-4.769-2.456-6.516 \t\t\tc-1.673-1.747-3.986-2.734-6.404-2.734H49.738c-17.645,0-32.001-14.354-32.001-31.998V76.216c0-17.651,14.356-32.01,32-32.01 \t\t\th189.898c17.651,0,32.01,14.36,32.01,32.01v101.482c0,3.177-0.459,6.27-1.36,9.245h-46.152 \t\t\tC205.362,186.943,188.647,195.872,177.98,209.696z M494.264,367.895c0,22.354-18.193,40.541-40.555,40.541H317.05 \t\t\tc-4.559,0-8.376,3.456-8.826,7.994l-4.013,40.459l-44.834-45.788c-1.667-1.704-3.952-2.664-6.336-2.664h-28.906 \t\t\tc-22.354,0-40.541-18.187-40.541-40.541V245.22c0-22.354,18.187-40.54,40.541-40.54h229.575v-0.001 \t\t\tc22.362,0,40.555,18.186,40.555,40.54V367.895z\"><\/path> \t<\/g> <\/g> <g> \t<g> \t\t<path d=\"M183.31,93.756c-1.206-19.413-16.755-34.962-36.168-36.167c-10.807-0.668-21.086,3.028-28.949,10.418 \t\t\tc-7.754,7.287-12.199,17.566-12.199,28.201c-0.001,4.9,3.968,8.87,8.868,8.87s8.869-3.971,8.869-8.869 \t\t\tc0-5.846,2.347-11.27,6.609-15.277c4.258-4.002,9.836-6.005,15.702-5.641c10.329,0.641,18.922,9.234,19.564,19.562 \t\t\tc0.484,7.802-3.346,15.177-9.997,19.249c-12.391,7.585-19.789,20.693-19.789,35.065c0,4.898,3.97,8.869,8.869,8.869 \t\t\ts8.869-3.971,8.869-8.869c0-8.149,4.229-15.601,11.312-19.937C177.135,121.723,184.202,108.129,183.31,93.756z\"><\/path> \t<\/g> <\/g> <g> \t<g> \t\t<path d=\"M338.925,240.4c-4.899,0-8.869,3.971-8.869,8.869v75.063c0,4.898,3.971,8.869,8.869,8.869 \t\t\tc4.899,0,8.869-3.971,8.869-8.869v-75.063C347.793,244.371,343.824,240.4,338.925,240.4z\"><\/path> \t<\/g> <\/g> <g> \t<g> \t\t<circle r=\"8.869\" cy=\"364.068\" cx=\"338.916\"><\/circle> \t<\/g> <\/g> <g> \t<g> \t\t<circle r=\"8.869\" cy=\"182.046\" cx=\"144.679\"><\/circle> \t<\/g> <\/g> <g> <\/g> <g> <\/g> <g> <\/g> <g> <\/g> <g> <\/g> <g> <\/g> <g> <\/g> <g> <\/g> <g> <\/g> <g> <\/g> <g> <\/g> <g> <\/g> <g> <\/g> <g> <\/g> <g> <\/g> <\/svg><\/span><span class=\"gb-headline-text\"><strong>C\u00e2u H\u1ecfi Th\u01b0\u1eddng G\u1eb7p<\/strong><\/span><\/h5>\n\n\n\n<p class=\"gb-headline gb-headline-98940701 gb-headline-text\">Trang c\u00e2u h\u1ecfi th\u01b0\u1eddng g\u1eb7p c\u1ee7a ch\u00fang t\u00f4i gi\u1ea3i \u0111\u00e1p t\u1edbi 99% th\u1eafc m\u1eafc c\u1ee7a h\u1ecdc vi\u00ean m\u1edbi, gi\u00fap t\u0103ng \u0111\u00e1ng k\u1ec3 kh\u1ea3 n\u0103ng \u0111\u01b0\u1ee3c <strong>hu\u1ea5n luy\u1ec7n vi\u00ean c\u1ea7u l\u00f4ng<\/strong> duy\u1ec7t \u0111\u01a1n \u0111\u0103ng k\u00fd.<\/p>\n\n\n\n<p class=\"gb-headline gb-headline-f21d5454\"><span class=\"gb-icon\"><svg height=\"30\" width=\"30\" xmlns=\"http:\/\/www.w3.org\/2000\/svg\" fill=\"none\" viewBox=\"0 0 15 15\"><path fill=\"currentColor\" d=\"M0 7.5a7.5 7.5 0 1115 0 7.5 7.5 0 01-15 0zm8.5-2.707L11.207 7.5 8.5 10.207 7.793 9.5l1.5-1.5H4V7h5.293l-1.5-1.5.707-.707z\" clip-rule=\"evenodd\" fill-rule=\"evenodd\"><\/path><\/svg><\/span><span class=\"gb-headline-text\">Xem Trang Chi Ti\u1ebft<\/span><\/p>\n\n<\/div><\/div><\/div>\n\n<div class=\"gb-grid-column gb-grid-column-7b475e8c\"><div class=\"gb-container gb-container-7b475e8c\"><a class=\"gb-container-link\" href=\"\/vi\/training-terms-and-conditions\/\"><\/a><div class=\"gb-inside-container\">\n\n<h5 class=\"gb-headline gb-headline-8a53c59d\"><span class=\"gb-icon\"><svg xml:space=\"preserve\" style=\"enable-background:new 0 0 512 512;\" viewBox=\"0 0 512 512\" y=\"0px\" x=\"0px\" xmlns:xlink=\"http:\/\/www.w3.org\/1999\/xlink\" xmlns=\"http:\/\/www.w3.org\/2000\/svg\" id=\"Layer_1\" version=\"1.1\"> <g> \t<g> \t\t<path d=\"M453.708,186.943H288.512c0.569-3.022,0.869-6.105,0.869-9.245V76.216c0-27.432-22.317-49.748-49.748-49.748H49.737 \t\t\tC22.311,26.468,0,48.784,0,76.216v101.482c0,27.425,22.311,49.736,49.737,49.736h29.221l-1.577,36.738 \t\t\tc-0.142,3.315,1.577,6.432,4.457,8.079c1.367,0.782,2.886,1.171,4.405,1.171c1.679,0,3.356-0.477,4.819-1.424l68.856-44.565h8.724 \t\t\tc-1.802,5.611-2.786,11.585-2.786,17.786v122.676c0,32.134,26.143,58.278,58.278,58.278h25.178l55.514,56.695 \t\t\tc1.697,1.734,3.993,2.664,6.337,2.664c0.985,0,1.978-0.164,2.94-0.503c3.25-1.142,5.544-4.063,5.884-7.491l5.097-51.365h128.625 \t\t\tc32.143,0,58.292-26.144,58.292-58.278V245.22C512,213.085,485.85,186.943,453.708,186.943z M177.98,209.696h-20.683 \t\t\tc-1.71,0-3.383,0.494-4.819,1.424l-56.639,36.658l1.238-28.832c0.104-2.416-0.784-4.769-2.456-6.516 \t\t\tc-1.673-1.747-3.986-2.734-6.404-2.734H49.738c-17.645,0-32.001-14.354-32.001-31.998V76.216c0-17.651,14.356-32.01,32-32.01 \t\t\th189.898c17.651,0,32.01,14.36,32.01,32.01v101.482c0,3.177-0.459,6.27-1.36,9.245h-46.152 \t\t\tC205.362,186.943,188.647,195.872,177.98,209.696z M494.264,367.895c0,22.354-18.193,40.541-40.555,40.541H317.05 \t\t\tc-4.559,0-8.376,3.456-8.826,7.994l-4.013,40.459l-44.834-45.788c-1.667-1.704-3.952-2.664-6.336-2.664h-28.906 \t\t\tc-22.354,0-40.541-18.187-40.541-40.541V245.22c0-22.354,18.187-40.54,40.541-40.54h229.575v-0.001 \t\t\tc22.362,0,40.555,18.186,40.555,40.54V367.895z\"><\/path> \t<\/g> <\/g> <g> \t<g> \t\t<path d=\"M183.31,93.756c-1.206-19.413-16.755-34.962-36.168-36.167c-10.807-0.668-21.086,3.028-28.949,10.418 \t\t\tc-7.754,7.287-12.199,17.566-12.199,28.201c-0.001,4.9,3.968,8.87,8.868,8.87s8.869-3.971,8.869-8.869 \t\t\tc0-5.846,2.347-11.27,6.609-15.277c4.258-4.002,9.836-6.005,15.702-5.641c10.329,0.641,18.922,9.234,19.564,19.562 \t\t\tc0.484,7.802-3.346,15.177-9.997,19.249c-12.391,7.585-19.789,20.693-19.789,35.065c0,4.898,3.97,8.869,8.869,8.869 \t\t\ts8.869-3.971,8.869-8.869c0-8.149,4.229-15.601,11.312-19.937C177.135,121.723,184.202,108.129,183.31,93.756z\"><\/path> \t<\/g> <\/g> <g> \t<g> \t\t<path d=\"M338.925,240.4c-4.899,0-8.869,3.971-8.869,8.869v75.063c0,4.898,3.971,8.869,8.869,8.869 \t\t\tc4.899,0,8.869-3.971,8.869-8.869v-75.063C347.793,244.371,343.824,240.4,338.925,240.4z\"><\/path> \t<\/g> <\/g> <g> \t<g> \t\t<circle r=\"8.869\" cy=\"364.068\" cx=\"338.916\"><\/circle> \t<\/g> <\/g> <g> \t<g> \t\t<circle r=\"8.869\" cy=\"182.046\" cx=\"144.679\"><\/circle> \t<\/g> <\/g> <g> <\/g> <g> <\/g> <g> <\/g> <g> <\/g> <g> <\/g> <g> <\/g> <g> <\/g> <g> <\/g> <g> <\/g> <g> <\/g> <g> <\/g> <g> <\/g> <g> <\/g> <g> <\/g> <g> <\/g> <\/svg><\/span><span class=\"gb-headline-text\"><strong>\u0110i\u1ec1u Kho\u1ea3n Luy\u1ec7n T\u1eadp<\/strong><\/span><\/h5>\n\n\n\n<p class=\"gb-headline gb-headline-cd78eeae gb-headline-text\">\u0110\u1ec3 \u0111\u1ea3m b\u1ea3o con b\u1ea1n \u0111\u00e1p \u1ee9ng \u0111\u1ee7 c\u00e1c y\u00eau c\u1ea7u \u0111\u1ea7u v\u00e0o, vui l\u00f2ng tham kh\u1ea3o k\u1ef9 \u0111i\u1ec1u kho\u1ea3n v\u00e0 \u0111i\u1ec1u ki\u1ec7n luy\u1ec7n t\u1eadp c\u1ee7a ch\u00fang t\u00f4i tr\u01b0\u1edbc khi g\u1eedi \u0111\u01a1n \u0111\u0103ng k\u00fd.<\/p>\n\n\n\n<p class=\"gb-headline gb-headline-2453ab08\"><span class=\"gb-icon\"><svg height=\"30\" width=\"30\" xmlns=\"http:\/\/www.w3.org\/2000\/svg\" fill=\"none\" viewBox=\"0 0 15 15\"><path fill=\"currentColor\" d=\"M0 7.5a7.5 7.5 0 1115 0 7.5 7.5 0 01-15 0zm8.5-2.707L11.207 7.5 8.5 10.207 7.793 9.5l1.5-1.5H4V7h5.293l-1.5-1.5.707-.707z\" clip-rule=\"evenodd\" fill-rule=\"evenodd\"><\/path><\/svg><\/span><span class=\"gb-headline-text\">Xem Trang Chi Ti\u1ebft<\/span><\/p>\n\n<\/div><\/div><\/div>\n<\/div>\n<\/div><\/div>\n\n<div class=\"gb-container gb-container-c3d232b0\"><div class=\"gb-inside-container\">\n<div class=\"gb-grid-wrapper gb-grid-wrapper-fd902aee\">\n<div class=\"gb-grid-column gb-grid-column-10b62868\"><div class=\"gb-container gb-container-10b62868\"><div class=\"gb-inside-container\">\n\n<h5 class=\"gb-headline gb-headline-75753147\"><span class=\"gb-icon\"><svg xml:space=\"preserve\" style=\"enable-background:new 0 0 52 52;\" viewBox=\"0 0 52 52\" y=\"0px\" x=\"0px\" xmlns:xlink=\"http:\/\/www.w3.org\/1999\/xlink\" xmlns=\"http:\/\/www.w3.org\/2000\/svg\" id=\"Capa_1\" version=\"1.1\"> <g> \t<g> \t\t<path d=\"M26,0C11.663,0,0,11.663,0,26c0,4.891,1.359,9.639,3.937,13.762C2.91,43.36,1.055,50.166,1.035,50.237 \t\t\tc-0.096,0.352,0.007,0.728,0.27,0.981c0.263,0.253,0.643,0.343,0.989,0.237L12.6,48.285C16.637,50.717,21.26,52,26,52 \t\t\tc14.337,0,26-11.663,26-26S40.337,0,26,0z M26,50c-4.519,0-8.921-1.263-12.731-3.651c-0.161-0.101-0.346-0.152-0.531-0.152 \t\t\tc-0.099,0-0.198,0.015-0.294,0.044l-8.999,2.77c0.661-2.413,1.849-6.729,2.538-9.13c0.08-0.278,0.035-0.578-0.122-0.821 \t\t\tC3.335,35.173,2,30.657,2,26C2,12.767,12.767,2,26,2s24,10.767,24,24S39.233,50,26,50z\"><\/path> \t\t<path d=\"M42.985,32.126c-1.846-1.025-3.418-2.053-4.565-2.803c-0.876-0.572-1.509-0.985-1.973-1.218 \t\t\tc-1.297-0.647-2.28-0.19-2.654,0.188c-0.047,0.047-0.089,0.098-0.125,0.152c-1.347,2.021-3.106,3.954-3.621,4.058 \t\t\tc-0.595-0.093-3.38-1.676-6.148-3.981c-2.826-2.355-4.604-4.61-4.865-6.146C20.847,20.51,21.5,19.336,21.5,18 \t\t\tc0-1.377-3.212-7.126-3.793-7.707c-0.583-0.582-1.896-0.673-3.903-0.273c-0.193,0.039-0.371,0.134-0.511,0.273 \t\t\tc-0.243,0.243-5.929,6.04-3.227,13.066c2.966,7.711,10.579,16.674,20.285,18.13c1.103,0.165,2.137,0.247,3.105,0.247 \t\t\tc5.71,0,9.08-2.873,10.029-8.572C43.556,32.747,43.355,32.331,42.985,32.126z M30.648,39.511 \t\t\tc-10.264-1.539-16.729-11.708-18.715-16.87c-1.97-5.12,1.663-9.685,2.575-10.717c0.742-0.126,1.523-0.179,1.849-0.128 \t\t\tc0.681,0.947,3.039,5.402,3.143,6.204c0,0.525-0.171,1.256-2.207,3.293C17.105,21.48,17,21.734,17,22c0,5.236,11.044,12.5,13,12.5 \t\t\tc1.701,0,3.919-2.859,5.182-4.722c0.073,0.003,0.196,0.028,0.371,0.116c0.36,0.181,0.984,0.588,1.773,1.104 \t\t\tc1.042,0.681,2.426,1.585,4.06,2.522C40.644,37.09,38.57,40.701,30.648,39.511z\"><\/path> \t<\/g> <\/g> <g> <\/g> <g> <\/g> <g> <\/g> <g> <\/g> <g> <\/g> <g> <\/g> <g> <\/g> <g> <\/g> <g> <\/g> <g> <\/g> <g> <\/g> <g> <\/g> <g> <\/g> <g> <\/g> <g> <\/g> <\/svg><\/span><span class=\"gb-headline-text\">WhatsApp<\/span><\/h5>\n\n\n\n<p class=\"has-text-align-center\">+6017 684 2136<\/p>\n\n\n<div class=\"gb-button-wrapper gb-button-wrapper-ca20a4ad\">\n\n<a class=\"gb-button gb-button-bf7952ab\" href=\"https:\/\/api.whatsapp.com\/send\/?phone=60176842136&amp;text=Ch%C3%A0o%20ST%20Badminton%20Academy%2C%20t%C3%B4i%20mu%E1%BB%91n%20h%E1%BB%8Fi%20v%E1%BB%81%20kh%C3%B3a%20h%E1%BB%8Dc%20c%E1%BA%A7u%20l%C3%B4ng%20v%C3%A0%20l%E1%BB%8Bch%20t%E1%BA%ADp.%20Nh%E1%BB%9D%20trung%20t%C3%A2m%20t%C6%B0%20v%E1%BA%A5n%20gi%C3%BAp%20quy%20tr%C3%ACnh%20%C4%91%C4%83ng%20k%C3%BD%2C%20l%E1%BB%8Bch%20h%E1%BB%8Dc%20v%C3%A0%20h%E1%BB%8Dc%20ph%C3%AD.%20Xin%20c%E1%BA%A3m%20%C6%A1n!&amp;type=phone_number&amp;app_absent=0\" target=\"_blank\" rel=\"noopener noreferrer\"><span class=\"gb-button-text\">G\u1eedi Tin Nh\u1eafn <\/span><span class=\"gb-icon\"><svg xmlns=\"http:\/\/www.w3.org\/2000\/svg\" viewBox=\"0 0 256 512\" width=\"1em\" height=\"1em\" aria-hidden=\"true\"><path d=\"M224.3 273l-136 136c-9.4 9.4-24.6 9.4-33.9 0l-22.6-22.6c-9.4-9.4-9.4-24.6 0-33.9l96.4-96.4-96.4-96.4c-9.4-9.4-9.4-24.6 0-33.9L54.3 103c9.4-9.4 24.6-9.4 33.9 0l136 136c9.5 9.4 9.5 24.6.1 34z\" fill=\"currentColor\"><\/path><\/svg><\/span><\/a>\n\n<\/div>\n<\/div><\/div><\/div>\n\n<div class=\"gb-grid-column gb-grid-column-39c35702\"><div class=\"gb-container gb-container-39c35702\"><div class=\"gb-inside-container\">\n\n<h5 class=\"gb-headline gb-headline-f38a5516\"><span class=\"gb-icon\"><svg xml:space=\"preserve\" style=\"enable-background:new 0 0 502 502;\" viewBox=\"0 0 502 502\" y=\"0px\" x=\"0px\" xmlns:xlink=\"http:\/\/www.w3.org\/1999\/xlink\" xmlns=\"http:\/\/www.w3.org\/2000\/svg\" id=\"Layer_1\" version=\"1.1\"> <g> \t<g> \t\t<path d=\"M103.656,466.086c0,19.803,15,35.914,33.438,35.914h227.813c18.438,0,33.438-16.111,33.438-35.914V35.914 \t\t\tc0-19.803-15-35.914-33.438-35.914H137.094c-18.438,0-33.438,16.111-33.438,35.914V466.086z M123.656,78.047h254.688v302.37 \t\t\tH123.656V78.047z M123.656,35.914c0-8.775,6.028-15.914,13.438-15.914h227.813c7.409,0,13.438,7.139,13.438,15.914v22.133H123.656 \t\t\tV35.914z M378.344,466.086c0,8.775-6.028,15.914-13.438,15.914H137.094c-7.41,0-13.438-7.139-13.438-15.914v-65.669h254.688 \t\t\tV466.086z\"><\/path> \t\t<path d=\"M251,468.83c15.517,0,28.14-12.623,28.14-28.14s-12.623-28.14-28.14-28.14c-15.516,0-28.14,12.623-28.14,28.14 \t\t\tS235.484,468.83,251,468.83z M251,432.551c4.488,0,8.14,3.651,8.14,8.14s-3.651,8.14-8.14,8.14s-8.14-3.651-8.14-8.14 \t\t\tS246.512,432.551,251,432.551z\"><\/path> \t\t<path d=\"M260.329,30.061h-18.658c-5.523,0-10,4.478-10,10s4.477,10,10,10h18.658c5.522,0,10-4.478,10-10 \t\t\tS265.852,30.061,260.329,30.061z\"><\/path> \t\t<path d=\"M152.527,165.85c-5.523,0-10,4.478-10,10v176.215c0,5.522,4.477,10,10,10s10-4.478,10-10V175.85 \t\t\tC162.527,170.327,158.05,165.85,152.527,165.85z\"><\/path> \t\t<path d=\"M152.527,98.473c-5.523,0-10,4.478-10,10v26.951c0,5.522,4.477,10,10,10s10-4.478,10-10v-26.951 \t\t\tC162.527,102.95,158.05,98.473,152.527,98.473z\"><\/path> \t<\/g> <\/g> <g> <\/g> <g> <\/g> <g> <\/g> <g> <\/g> <g> <\/g> <g> <\/g> <g> <\/g> <g> <\/g> <g> <\/g> <g> <\/g> <g> <\/g> <g> <\/g> <g> <\/g> <g> <\/g> <g> <\/g> <\/svg><\/span><span class=\"gb-headline-text\"><strong>\u0110i\u1ec7n Tho\u1ea1i<\/strong><\/span><\/h5>\n\n\n\n<p class=\"has-text-align-center\">+6017 684 2136<\/p>\n\n\n<div class=\"gb-button-wrapper gb-button-wrapper-f193c869\">\n\n<a class=\"gb-button gb-button-7cc199be\" href=\"tel:+60176842136\" target=\"_blank\" rel=\"noopener noreferrer\"><span class=\"gb-button-text\">G\u1ecdi \u0110i\u1ec7n Ngay <\/span><span class=\"gb-icon\"><svg xmlns=\"http:\/\/www.w3.org\/2000\/svg\" viewBox=\"0 0 256 512\" width=\"1em\" height=\"1em\" aria-hidden=\"true\"><path d=\"M224.3 273l-136 136c-9.4 9.4-24.6 9.4-33.9 0l-22.6-22.6c-9.4-9.4-9.4-24.6 0-33.9l96.4-96.4-96.4-96.4c-9.4-9.4-9.4-24.6 0-33.9L54.3 103c9.4-9.4 24.6-9.4 33.9 0l136 136c9.5 9.4 9.5 24.6.1 34z\" fill=\"currentColor\"><\/path><\/svg><\/span><\/a>\n\n<\/div>\n<\/div><\/div><\/div>\n\n<div class=\"gb-grid-column gb-grid-column-1362e623\"><div class=\"gb-container gb-container-1362e623\"><div class=\"gb-inside-container\">\n\n<h5 class=\"gb-headline gb-headline-3a08410d\"><span class=\"gb-icon\"><svg xml:space=\"preserve\" style=\"enable-background:new 0 0 58 58;\" viewBox=\"0 0 58 58\" y=\"0px\" x=\"0px\" xmlns:xlink=\"http:\/\/www.w3.org\/1999\/xlink\" xmlns=\"http:\/\/www.w3.org\/2000\/svg\" id=\"Capa_1\" version=\"1.1\"> <g> \t<path d=\"M50.466,43.995l6.483-3.242l-17.637-6.498l6.498,17.638l3.242-6.484l6.797,6.797c0.195,0.195,0.451,0.293,0.707,0.293 \t\ts0.512-0.098,0.707-0.293c0.391-0.391,0.391-1.023,0-1.414L50.466,43.995z M42.688,37.631l9.232,3.402l-3.887,1.943l-1.943,3.888 \t\tL42.688,37.631z\"><\/path> \t<path d=\"M57.995,6.477c-0.002-0.111-0.019-0.222-0.06-0.33c-0.003-0.007-0.008-0.012-0.01-0.019 \t\tc-0.011-0.027-0.029-0.049-0.042-0.075c-0.041-0.081-0.089-0.155-0.148-0.22c-0.026-0.029-0.054-0.052-0.083-0.078 \t\tc-0.062-0.054-0.129-0.099-0.202-0.136c-0.033-0.017-0.063-0.035-0.098-0.048C57.24,5.529,57.124,5.5,57,5.5H1 \t\tc-0.124,0-0.24,0.029-0.351,0.071C0.614,5.584,0.584,5.602,0.551,5.619C0.478,5.656,0.411,5.701,0.348,5.755 \t\tC0.319,5.781,0.292,5.804,0.266,5.833c-0.06,0.065-0.108,0.14-0.149,0.221C0.104,6.079,0.086,6.101,0.075,6.128 \t\tC0.072,6.134,0.067,6.14,0.064,6.146c-0.041,0.108-0.057,0.219-0.06,0.33C0.004,6.485,0,6.492,0,6.5v39 \t\tc0,0.003,0.002,0.006,0.002,0.009c0.001,0.107,0.017,0.214,0.053,0.319c0.004,0.012,0.013,0.022,0.018,0.034 \t\tc0.013,0.034,0.034,0.063,0.051,0.095c0.039,0.074,0.082,0.142,0.137,0.203c0.028,0.031,0.056,0.058,0.088,0.085 \t\tc0.06,0.053,0.126,0.096,0.197,0.133c0.034,0.018,0.066,0.037,0.102,0.051C0.759,46.471,0.876,46.5,1,46.5h35c0.553,0,1-0.447,1-1 \t\ts-0.447-1-1-1H3.879c4.548-3.604,14.801-11.781,20.069-16.403l1.421,1.255c1.002,0.894,2.317,1.341,3.633,1.341 \t\tc1.313,0,2.626-0.446,3.625-1.337L56,8.718V36.5c0,0.553,0.447,1,1,1s1-0.447,1-1v-30C58,6.492,57.996,6.485,57.995,6.477z \t\t M2,43.437V8.718l20.437,18.046C16.881,31.617,6.086,40.204,2,43.437z M31.299,27.86c-1.267,1.132-3.331,1.132-4.602-0.004 \t\tl-1.979-1.747c-0.005-0.007-0.007-0.015-0.012-0.021c-0.022-0.025-0.053-0.035-0.077-0.058L3.644,7.5h50.713L31.299,27.86z\"><\/path> <\/g> <g> <\/g> <g> <\/g> <g> <\/g> <g> <\/g> <g> <\/g> <g> <\/g> <g> <\/g> <g> <\/g> <g> <\/g> <g> <\/g> <g> <\/g> <g> <\/g> <g> <\/g> <g> <\/g> <g> <\/g> <\/svg><\/span><span class=\"gb-headline-text\"><strong>Email<\/strong><\/span><\/h5>\n\n\n\n<p class=\"has-text-align-center\">stba.inquiry@gmail.com<\/p>\n\n\n<div class=\"gb-button-wrapper gb-button-wrapper-5f7730ab\">\n\n<a class=\"gb-button gb-button-36018d64\" href=\"mailto:stba.inquiry@gmail.com\" target=\"_blank\" rel=\"noopener noreferrer\"><span class=\"gb-button-text\">G\u1eedi Email <\/span><span class=\"gb-icon\"><svg xmlns=\"http:\/\/www.w3.org\/2000\/svg\" viewBox=\"0 0 256 512\" width=\"1em\" height=\"1em\" aria-hidden=\"true\"><path d=\"M224.3 273l-136 136c-9.4 9.4-24.6 9.4-33.9 0l-22.6-22.6c-9.4-9.4-9.4-24.6 0-33.9l96.4-96.4-96.4-96.4c-9.4-9.4-9.4-24.6 0-33.9L54.3 103c9.4-9.4 24.6-9.4 33.9 0l136 136c9.5 9.4 9.5 24.6.1 34z\" fill=\"currentColor\"><\/path><\/svg><\/span><\/a>\n\n<\/div>\n<\/div><\/div><\/div>\n<\/div>\n<\/div><\/div>","protected":false},"excerpt":{"rendered":"<p>Li\u00ean H\u1ec7 Luy\u1ec7n T\u1eadp C\u1ea7u L\u00f4ng Th\u00f4ng tin &#8230; <a title=\"Li\u00ean h\u1ec7 ch\u00fang t\u00f4i\" class=\"read-more\" href=\"https:\/\/stbadmintonacademy.my\/vi\/training-contact-information\/\" aria-label=\"Read more about Li\u00ean h\u1ec7 ch\u00fang t\u00f4i\">Read more<\/a><\/p>\n","protected":false},"author":1,"featured_media":78754,"parent":0,"menu_order":0,"comment_status":"closed","ping_status":"closed","template":"","meta":{"footnotes":""},"class_list":{"0":"post-94305","1":"page","2":"type-page","3":"status-publish","4":"has-post-thumbnail","6":"infinite-scroll-item"},"_links":{"self":[{"href":"https:\/\/stbadmintonacademy.my\/vi\/wp-json\/wp\/v2\/pages\/94305","targetHints":{"allow":["GET"]}}],"collection":[{"href":"https:\/\/stbadmintonacademy.my\/vi\/wp-json\/wp\/v2\/pages"}],"about":[{"href":"https:\/\/stbadmintonacademy.my\/vi\/wp-json\/wp\/v2\/types\/page"}],"author":[{"embeddable":true,"href":"https:\/\/stbadmintonacademy.my\/vi\/wp-json\/wp\/v2\/users\/1"}],"replies":[{"embeddable":true,"href":"https:\/\/stbadmintonacademy.my\/vi\/wp-json\/wp\/v2\/comments?post=94305"}],"version-history":[{"count":0,"href":"https:\/\/stbadmintonacademy.my\/vi\/wp-json\/wp\/v2\/pages\/94305\/revisions"}],"wp:featuredmedia":[{"embeddable":true,"href":"https:\/\/stbadmintonacademy.my\/vi\/wp-json\/wp\/v2\/media\/78754"}],"wp:attachment":[{"href":"https:\/\/stbadmintonacademy.my\/vi\/wp-json\/wp\/v2\/media?parent=94305"}],"curies":[{"name":"wp","href":"https:\/\/api.w.org\/{rel}","templated":true}]}}