{"id":94182,"date":"2022-09-08T13:46:21","date_gmt":"2022-09-08T05:46:21","guid":{"rendered":"https:\/\/stbadmintonacademy.my\/our-training-method\/"},"modified":"2025-12-12T14:27:00","modified_gmt":"2025-12-12T06:27:00","slug":"our-training-method","status":"publish","type":"page","link":"https:\/\/stbadmintonacademy.my\/vi\/our-training-method\/","title":{"rendered":"Ph\u01b0\u01a1ng ph\u00e1p &amp; h\u1ec7 th\u1ed1ng hu\u1ea5n luy\u1ec7n"},"content":{"rendered":"<div class=\"gb-container gb-container-b987a394\"><div class=\"gb-inside-container\">\n\n<h1 class=\"gb-headline gb-headline-3b9dd504 gb-headline-text\"><strong>Ph\u01b0\u01a1ng Ph\u00e1p <mark style=\"background-color:rgba(0, 0, 0, 0)\" class=\"has-inline-color has-global-color-7-color\">Hu\u1ea5n Luy\u1ec7n C\u1ea7u L\u00f4ng<\/mark> C\u1ee7a Ch\u00fang T\u00f4i<\/strong><\/h1>\n\n\n<nav aria-label=\"breadcrumbs\" class=\"rank-math-breadcrumb\"><p><span class=\"last\">Home<\/span><\/p><\/nav>\n\n\n\n<p class=\"gb-headline gb-headline-d62b776b gb-headline-text\"><br><a href=\"https:\/\/stbadmintonacademy.my\/vi\/5-effective-badminton-training-tricks\/\">Ph\u01b0\u01a1ng ph\u00e1p hu\u1ea5n luy\u1ec7n c\u1ea7u l\u00f4ng<\/a> c\u1ee7a ch\u00fang t\u00f4i l\u00e0 s\u1ef1 \u0111\u00fac k\u1ebft t\u1eeb 13 n\u0103m kinh nghi\u1ec7m gi\u1ea3ng d\u1ea1y. Ch\u00fang t\u00f4i kh\u00f4ng ng\u1eebng t\u00ecm t\u00f2i v\u00e0 ph\u00e1t tri\u1ec3n l\u1ed9 tr\u00ecnh t\u1ed1i \u01b0u nh\u1ea5t \u0111\u1ec3 mang l\u1ea1i k\u1ebft qu\u1ea3 t\u1ed1t nh\u1ea5t cho h\u1ecdc vi\u00ean, t\u1eeb vi\u1ec7c x\u00e2y d\u1ef1ng n\u1ec1n t\u1ea3ng c\u01a1 b\u1ea3n cho ng\u01b0\u1eddi m\u1edbi b\u1eaft \u0111\u1ea7u \u0111\u1ebfn vi\u1ec7c \u0111\u00e0o t\u1ea1o v\u1eadn \u0111\u1ed9ng vi\u00ean \u0111\u1ea1t tr\u00ecnh \u0111\u1ed9 tuy\u1ec3n th\u1ee7 qu\u1ed1c gia.<\/p>\n\n<\/div><div class=\"gb-shapes\"><div class=\"gb-shape gb-shape-1\"><svg xmlns=\"http:\/\/www.w3.org\/2000\/svg\" viewBox=\"0 0 1200 218\" preserveAspectRatio=\"none\"><path d=\"M0 218h1200v-31.3l-40 4.4c-40 4.8-120 13.1-200 0-80-13.6-160-48.6-240-66.7-80-17.8-160-17.8-240-8.8-80 8.6-160 26.9-240 8.8-80-17.7-160-71.1-200-97.7L0 0v218z\"\/><\/svg><\/div><div class=\"gb-shape gb-shape-2\"><svg xmlns=\"http:\/\/www.w3.org\/2000\/svg\" viewBox=\"0 0 1200 218\" preserveAspectRatio=\"none\"><path d=\"M0 218h1200v-31.3l-40 4.4c-40 4.8-120 13.1-200 0-80-13.6-160-48.6-240-66.7-80-17.8-160-17.8-240-8.8-80 8.6-160 26.9-240 8.8-80-17.7-160-71.1-200-97.7L0 0v218z\"\/><\/svg><\/div><div class=\"gb-shape gb-shape-3\"><svg xmlns=\"http:\/\/www.w3.org\/2000\/svg\" viewBox=\"0 0 1200 218\" preserveAspectRatio=\"none\"><path d=\"M0 218h1200v-31.3l-40 4.4c-40 4.8-120 13.1-200 0-80-13.6-160-48.6-240-66.7-80-17.8-160-17.8-240-8.8-80 8.6-160 26.9-240 8.8-80-17.7-160-71.1-200-97.7L0 0v218z\"\/><\/svg><\/div><\/div><\/div>\n\n<div class=\"gb-container gb-container-c28b20ce\"><div class=\"gb-inside-container\">\n<div class=\"gb-container gb-container-8998eddb\"><div class=\"gb-inside-container\">\n<div class=\"gb-grid-wrapper gb-grid-wrapper-8c1f81ff\">\n<div class=\"gb-grid-column gb-grid-column-f95de792\"><div class=\"gb-container gb-container-f95de792\"><div class=\"gb-inside-container\">\n<div class=\"gb-container gb-container-0555d0ce\"><div class=\"gb-inside-container\">\n\n<figure class=\"gb-block-image gb-block-image-42f57792\"><img loading=\"lazy\" decoding=\"async\" width=\"600\" height=\"338\" class=\"gb-image gb-image-42f57792\" src=\"http:\/\/stbadmintonacademy.my\/wp-content\/uploads\/2025\/07\/Training-Method-by-ST-Badminton-Academy-Setapak-Malaysia.gif\" alt=\"Ph\u01b0\u01a1ng ph\u00e1p hu\u1ea5n luy\u1ec7n c\u1ea7u l\u00f4ng t\u1ea1i ST Badminton Academy Setapak Malaysia\" title=\"Ph\u01b0\u01a1ng ph\u00e1p hu\u1ea5n luy\u1ec7n c\u1ea7u l\u00f4ng t\u1ea1i ST Badminton Academy Setapak Malaysia\"\/><\/figure>\n\n<\/div><\/div>\n\n<div class=\"gb-container gb-container-4f6056ea\"><div class=\"gb-inside-container\">\n\n<h4 class=\"gb-headline gb-headline-ce7817f7 gb-headline-text\"><strong>Ph\u01b0\u01a1ng Ph\u00e1p <mark style=\"background-color:rgba(0, 0, 0, 0)\" class=\"has-inline-color has-global-color-7-color\">Hu\u1ea5n Luy\u1ec7n 1<\/mark><\/strong><\/h4>\n\n\n\n<p class=\"gb-headline gb-headline-8e3c329e gb-headline-text\"><em><strong>Ph\u00e1t Tri\u1ec3n N\u1ec1n T\u1ea3ng<\/strong><\/em><br><br>Hu\u1ea5n luy\u1ec7n vi\u00ean c\u1ee7a ch\u00fang t\u00f4i <a href=\"https:\/\/stbadmintonacademy.my\/vi\/footwork-badminton-training\/\">\u0111\u1eb7c bi\u1ec7t ch\u00fa tr\u1ecdng v\u00e0o k\u1ef9 thu\u1eadt di chuy\u1ec3n ch\u00e2n (footwork)<\/a>, v\u00ec \u0111\u00e2y l\u00e0 y\u1ebfu t\u1ed1 then ch\u1ed1t \u0111\u1ec3 x\u00e2y d\u1ef1ng n\u1ec1n t\u1ea3ng v\u1eefng ch\u1eafc trong c\u1ea7u l\u00f4ng. HLV lu\u00f4n theo d\u00f5i s\u00e1t sao \u0111\u1ec3 \u0111\u1ea3m b\u1ea3o h\u1ecdc vi\u00ean th\u1ef1c hi\u1ec7n \u0111\u00fang k\u1ef9 thu\u1eadt v\u00e0 t\u01b0 th\u1ebf di chuy\u1ec3n.<\/p>\n\n<\/div><\/div>\n<\/div><\/div><\/div>\n\n<div class=\"gb-grid-column gb-grid-column-11f8993b\"><div class=\"gb-container gb-container-11f8993b\"><div class=\"gb-inside-container\">\n<div class=\"gb-container gb-container-4421382f\"><div class=\"gb-inside-container\">\n\n<figure class=\"gb-block-image gb-block-image-f5a09db9\"><img loading=\"lazy\" decoding=\"async\" width=\"600\" height=\"338\" class=\"gb-image gb-image-f5a09db9\" src=\"http:\/\/stbadmintonacademy.my\/wp-content\/uploads\/2025\/07\/Training-Method-in-Badminton-by-ST-Badminton-Academy-Malaysia-KL-Setapak.gif\" alt=\"Ph\u01b0\u01a1ng ph\u00e1p hu\u1ea5n luy\u1ec7n k\u1ef9 thu\u1eadt c\u1ea7u l\u00f4ng ST Badminton Academy Malaysia KL Setapak\" title=\"Ph\u01b0\u01a1ng ph\u00e1p hu\u1ea5n luy\u1ec7n k\u1ef9 thu\u1eadt c\u1ea7u l\u00f4ng ST Badminton Academy Malaysia KL Setapak\"\/><\/figure>\n\n<\/div><\/div>\n\n<div class=\"gb-container gb-container-cc97d902\"><div class=\"gb-inside-container\">\n\n<h4 class=\"gb-headline gb-headline-61dfcc38 gb-headline-text\"><strong>Ph\u01b0\u01a1ng Ph\u00e1p <mark style=\"background-color:rgba(0, 0, 0, 0)\" class=\"has-inline-color has-global-color-7-color\">Hu\u1ea5n Luy\u1ec7n 2<\/mark><\/strong><\/h4>\n\n\n\n<p class=\"gb-headline gb-headline-b79ce083 gb-headline-text\"><em><strong>Ph\u00e1t Tri\u1ec3n N\u1ec1n T\u1ea3ng<br><\/strong><\/em><\/p>\n\n\n\n<p class=\"gb-headline gb-headline-4e58cb25 gb-headline-text\">K\u1ef9 thu\u1eadt vung v\u1ee3t \u0111\u00fang chu\u1ea9n l\u00e0 m\u1ed9t kh\u00eda c\u1ea1nh quan tr\u1ecdng trong c\u1ea7u l\u00f4ng, v\u00e0 hu\u1ea5n luy\u1ec7n vi\u00ean c\u1ee7a ch\u00fang t\u00f4i th\u1ef1c hi\u1ec7n vi\u1ec7c n\u00e0y r\u1ea5t nghi\u00eam t\u00fac. V\u1edbi kinh nghi\u1ec7m d\u00e0y d\u1ea1n, HLV c\u00f3 th\u1ec3 nh\u1eadn ra s\u1ef1 kh\u00e1c bi\u1ec7t nh\u1ecf nh\u1ea5t gi\u1eefa m\u1ed9t c\u00fa \u0111\u00e1nh chuy\u00ean nghi\u1ec7p v\u00e0 sai k\u1ef9 thu\u1eadt, \u0111\u1ea3m b\u1ea3o \u0111\u1ed9ng t\u00e1c c\u1ee7a m\u1ed7i h\u1ecdc vi\u00ean \u0111\u01b0\u1ee3c tinh ch\u1ec9nh \u0111\u1ebfn m\u1ee9c ho\u00e0n h\u1ea3o.<\/p>\n\n<\/div><\/div>\n<\/div><\/div><\/div>\n\n<div class=\"gb-grid-column gb-grid-column-55c46346\"><div class=\"gb-container gb-container-55c46346\"><div class=\"gb-inside-container\">\n<div class=\"gb-container gb-container-74927524\"><div class=\"gb-inside-container\">\n\n<figure class=\"gb-block-image gb-block-image-495e139e\"><img loading=\"lazy\" decoding=\"async\" width=\"600\" height=\"338\" class=\"gb-image gb-image-495e139e\" src=\"http:\/\/stbadmintonacademy.my\/wp-content\/uploads\/2025\/07\/Training-Method-Shuttlecock-Machine-by-ST-Badminton-Academy-Malaysia-KL-Setapak.gif\" alt=\"Ph\u01b0\u01a1ng ph\u00e1p hu\u1ea5n luy\u1ec7n b\u1eb1ng m\u00e1y b\u1eafn c\u1ea7u l\u00f4ng t\u1ea1i ST Badminton Academy Malaysia KL Setapak\" title=\"Ph\u01b0\u01a1ng ph\u00e1p hu\u1ea5n luy\u1ec7n b\u1eb1ng m\u00e1y b\u1eafn c\u1ea7u l\u00f4ng t\u1ea1i ST Badminton Academy Malaysia KL Setapak\"\/><\/figure>\n\n<\/div><\/div>\n\n<div class=\"gb-container gb-container-a707fb4c\"><div class=\"gb-inside-container\">\n\n<h4 class=\"gb-headline gb-headline-c06c3a6e gb-headline-text\"><strong>Ph\u01b0\u01a1ng Ph\u00e1p <mark style=\"background-color:rgba(0, 0, 0, 0)\" class=\"has-inline-color has-global-color-7-color\">Hu\u1ea5n Luy\u1ec7n 3<\/mark><\/strong><\/h4>\n\n\n\n<p class=\"gb-headline gb-headline-9b4ae7da gb-headline-text\"><em><strong>C\u00f4ng Ngh\u1ec7 + Ph\u00e1t Tri\u1ec3n N\u1ec1n T\u1ea3ng<\/strong><\/em><br><br>N\u0103m 2015, ch\u00fang t\u00f4i \u0111\u00e3 \u0111\u01b0a m\u00e1y b\u1eafn c\u1ea7u v\u00e0o quy tr\u00ecnh hu\u1ea5n luy\u1ec7n. Qua th\u1eddi gian, ch\u00fang t\u00f4i nh\u1eadn th\u1ea5y gi\u00e1 tr\u1ecb to l\u1edbn c\u1ee7a c\u00f4ng ngh\u1ec7 khi \u0111\u01b0\u1ee3c \u00e1p d\u1ee5ng \u0111\u00fang c\u00e1ch. H\u1ecdc vi\u00ean c\u1ee7a ch\u00fang t\u00f4i \u0111\u00e3 cho th\u1ea5y s\u1ef1 ti\u1ebfn b\u1ed9 v\u01b0\u1ee3t b\u1eadc nh\u1edd v\u00e0o vi\u1ec7c t\u1eadp luy\u1ec7n v\u1edbi s\u1ef1 h\u1ed7 tr\u1ee3 c\u1ee7a c\u00e1c lo\u1ea1i m\u00e1y m\u00f3c n\u00e0y.<\/p>\n\n<\/div><\/div>\n<\/div><\/div><\/div>\n\n<div class=\"gb-grid-column gb-grid-column-b6178522\"><div class=\"gb-container gb-container-b6178522\"><div class=\"gb-inside-container\">\n<div class=\"gb-container gb-container-6814e3e0\"><div class=\"gb-inside-container\">\n\n<figure class=\"gb-block-image gb-block-image-38fcfe65\"><img loading=\"lazy\" decoding=\"async\" width=\"600\" height=\"338\" class=\"gb-image gb-image-38fcfe65\" src=\"http:\/\/stbadmintonacademy.my\/wp-content\/uploads\/2025\/07\/Badminton-Training-Method-4-Training-Speed-and-skills-School-Team-by-ST-Badminton-Academy-Setapak-KL.gif\" alt=\"Ph\u01b0\u01a1ng ph\u00e1p hu\u1ea5n luy\u1ec7n t\u1ed1c \u0111\u1ed9 v\u00e0 k\u1ef9 n\u0103ng \u0111\u1ed9i tuy\u1ec3n tr\u01b0\u1eddng t\u1ea1i ST Badminton Academy Setapak KL\" title=\"Ph\u01b0\u01a1ng ph\u00e1p hu\u1ea5n luy\u1ec7n t\u1ed1c \u0111\u1ed9 v\u00e0 k\u1ef9 n\u0103ng \u0111\u1ed9i tuy\u1ec3n tr\u01b0\u1eddng t\u1ea1i ST Badminton Academy Setapak KL\"\/><\/figure>\n\n<\/div><\/div>\n\n<div class=\"gb-container gb-container-acdc39aa\"><div class=\"gb-inside-container\">\n\n<h4 class=\"gb-headline gb-headline-8d6114a8 gb-headline-text\"><strong>Ph\u01b0\u01a1ng Ph\u00e1p <mark style=\"background-color:rgba(0, 0, 0, 0)\" class=\"has-inline-color has-global-color-7-color\">Hu\u1ea5n Luy\u1ec7n 4<\/mark><\/strong><\/h4>\n\n\n\n<p class=\"gb-headline gb-headline-f36b7d45 gb-headline-text\"><em><strong>K\u1ef9 Thu\u1eadt + S\u1ef1 Linh Ho\u1ea1t<\/strong> <\/em><br><br>Ph\u00e1t tri\u1ec3n t\u1ed1c \u0111\u1ed9 v\u00e0 k\u1ef9 n\u0103ng, \u0111\u1ed3ng th\u1eddi \u0111\u1ea1t \u0111\u01b0\u1ee3c s\u1ef1 \u1ed5n \u0111\u1ecbnh l\u00e0 m\u1ed9t m\u1ee5c ti\u00eau hu\u1ea5n luy\u1ec7n \u0111\u1ea7y th\u00e1ch th\u1ee9c. H\u1ecdc vi\u00ean trong h\u00ecnh hi\u1ec7n l\u00e0 m\u1ed9t tuy\u1ec3n th\u1ee7 qu\u1ed1c gia, v\u00e0 vi\u1ec7c \u0111\u01b0\u1ee3c ch\u1ecdn v\u00e0o \u0111\u1ed9i tuy\u1ec3n l\u00e0 k\u1ebft qu\u1ea3 c\u1ee7a qu\u00e1 tr\u00ecnh t\u1eadp luy\u1ec7n nghi\u00eam t\u00fac v\u00e0 t\u1eadn t\u1ee5y tr\u01b0\u1edbc \u0111\u00f3.<\/p>\n\n<\/div><\/div>\n<\/div><\/div><\/div>\n\n<div class=\"gb-grid-column gb-grid-column-887b6337\"><div class=\"gb-container gb-container-887b6337\"><div class=\"gb-inside-container\">\n<div class=\"gb-container gb-container-83d01b26\"><div class=\"gb-inside-container\">\n\n<figure class=\"gb-block-image gb-block-image-c764ad1b\"><img loading=\"lazy\" decoding=\"async\" width=\"600\" height=\"338\" class=\"gb-image gb-image-c764ad1b\" src=\"http:\/\/stbadmintonacademy.my\/wp-content\/uploads\/2025\/07\/Badminton-Training-Method-5-Agility-Monitor-Surrounding-by-ST-Badminton-Academy-KL-Setapak-Malaysia.gif\" alt=\"Ph\u01b0\u01a1ng ph\u00e1p t\u1eadp luy\u1ec7n ph\u1ea3n x\u1ea1 v\u00e0 quan s\u00e1t t\u00ecnh hu\u1ed1ng t\u1ea1i ST Badminton Academy KL Setapak Malaysia\" title=\"Ph\u01b0\u01a1ng ph\u00e1p t\u1eadp luy\u1ec7n ph\u1ea3n x\u1ea1 v\u00e0 quan s\u00e1t t\u00ecnh hu\u1ed1ng t\u1ea1i ST Badminton Academy KL Setapak Malaysia\"\/><\/figure>\n\n<\/div><\/div>\n\n<div class=\"gb-container gb-container-2ee48e0c\"><div class=\"gb-inside-container\">\n\n<h4 class=\"gb-headline gb-headline-9b261a35 gb-headline-text\"><strong>Ph\u01b0\u01a1ng Ph\u00e1p <a href=\"https:\/\/www.bestinsingapore.co\/best-badminton-lessons-singapore\/\" target=\"_blank\" rel=\"noreferrer noopener\"><mark style=\"background-color:rgba(0, 0, 0, 0)\" class=\"has-inline-color has-contrast-color\">Hu\u1ea5n Luy\u1ec7n<\/mark><\/a> <mark style=\"background-color:rgba(0, 0, 0, 0)\" class=\"has-inline-color has-global-color-7-color\">S\u1ed1 5<\/mark><\/strong><\/h4>\n\n\n\n<p class=\"gb-headline gb-headline-cbf725e8 gb-headline-text\"><em><strong>C\u00f4ng Ngh\u1ec7 + K\u1ef9 Thu\u1eadt<\/strong><\/em><br><br> L\u1edbp h\u1ecdc c\u1ee7a ch\u00fang t\u00f4i nh\u1ea5n m\u1ea1nh t\u1ea7m quan tr\u1ecdng c\u1ee7a vi\u1ec7c nh\u1eadn th\u1ee9c t\u00ecnh hu\u1ed1ng v\u00e0 kh\u1ea3 n\u0103ng th\u1ef1c hi\u1ec7n c\u00e1c c\u00fa \u0111\u00e1nh chi\u1ebfn thu\u1eadt d\u1ef1a tr\u00ean \u0111i\u1ec1u ki\u1ec7n s\u00e2n \u0111\u1ea5u. Thay v\u00ec ch\u1ec9 t\u1eadp trung ph\u00e1t tri\u1ec3n kh\u1ea3 n\u0103ng \u0111\u1eadp c\u1ea7u \u0111\u01a1n thu\u1ea7n, ch\u00fang t\u00f4i \u01b0u ti\u00ean ph\u01b0\u01a1ng ph\u00e1p ti\u1ebfp c\u1eadn to\u00e0n di\u1ec7n, ch\u00fa tr\u1ecdng c\u1ea3 s\u1ef1 nh\u1ea1y b\u00e9n v\u1ec1 t\u01b0 duy l\u1eabn k\u1ef9 n\u0103ng k\u1ef9 thu\u1eadt cho h\u1ecdc vi\u00ean.<\/p>\n\n<\/div><\/div>\n<\/div><\/div><\/div>\n\n<div class=\"gb-grid-column gb-grid-column-8283ab2f\"><div class=\"gb-container gb-container-8283ab2f\"><div class=\"gb-inside-container\">\n<div class=\"gb-container gb-container-30b07bc1\"><div class=\"gb-inside-container\">\n\n<figure class=\"gb-block-image gb-block-image-b8a19ca6\"><img loading=\"lazy\" decoding=\"async\" width=\"600\" height=\"330\" class=\"gb-image gb-image-b8a19ca6\" src=\"http:\/\/stbadmintonacademy.my\/wp-content\/uploads\/2025\/07\/Badminton-Training-Method-6-Speed-Training-by-ST-Badminton-Academy-Malaysia-KL.gif\" alt=\"Ph\u01b0\u01a1ng ph\u00e1p hu\u1ea5n luy\u1ec7n t\u1ed1c \u0111\u1ed9 c\u1ea7u l\u00f4ng t\u1ea1i ST Badminton Academy Malaysia KL\" title=\"Ph\u01b0\u01a1ng ph\u00e1p hu\u1ea5n luy\u1ec7n t\u1ed1c \u0111\u1ed9 c\u1ea7u l\u00f4ng t\u1ea1i ST Badminton Academy Malaysia KL\"\/><\/figure>\n\n<\/div><\/div>\n\n<div class=\"gb-container gb-container-541411d5\"><div class=\"gb-inside-container\">\n\n<h4 class=\"gb-headline gb-headline-cde197ac gb-headline-text\"><strong>Ph\u01b0\u01a1ng Ph\u00e1p <mark style=\"background-color:rgba(0, 0, 0, 0)\" class=\"has-inline-color has-global-color-7-color\">Hu\u1ea5n Luy\u1ec7n 6<\/mark><\/strong><\/h4>\n\n\n\n<p class=\"gb-headline gb-headline-a1a60fcd gb-headline-text\"><em><strong>C\u00f4ng Ngh\u1ec7 + N\u1ec1n T\u1ea3ng<\/strong><\/em><br><br> Trong qu\u00e1 tr\u00ecnh ph\u00e1t tri\u1ec3n footwork cho h\u1ecdc vi\u00ean, ch\u00fang t\u00f4i h\u01b0\u1edbng t\u1edbi vi\u1ec7c n\u00e2ng cao t\u1ed1c \u0111\u1ed9, s\u1ef1 linh ho\u1ea1t v\u00e0 \u0111\u1ed9 \u1ed5n \u0111\u1ecbnh. \u0110\u1ec3 \u0111\u1ea1t \u0111\u01b0\u1ee3c nh\u1eefng m\u1ee5c ti\u00eau n\u00e0y, ch\u00fang t\u00f4i t\u1eadn d\u1ee5ng c\u00f4ng ngh\u1ec7 \u0111\u1ec3 t\u1ed1i \u01b0u h\u00f3a vi\u1ec7c luy\u1ec7n t\u1eadp, gi\u00fap h\u1ecdc vi\u00ean \u0111\u1ea1t \u0111\u01b0\u1ee3c nh\u1eefng t\u1ea7m cao m\u1edbi trong thi \u0111\u1ea5u.<\/p>\n\n<\/div><\/div>\n<\/div><\/div><\/div>\n\n<div class=\"gb-grid-column gb-grid-column-a5acf8f6\"><div class=\"gb-container gb-container-a5acf8f6\"><div class=\"gb-inside-container\">\n<div class=\"gb-container gb-container-c6913177\"><div class=\"gb-inside-container\">\n\n<figure class=\"gb-block-image gb-block-image-0ea1e580\"><img loading=\"lazy\" decoding=\"async\" width=\"600\" height=\"338\" class=\"gb-image gb-image-0ea1e580\" src=\"http:\/\/stbadmintonacademy.my\/wp-content\/uploads\/2025\/07\/Badminton-Training-Method-7-Sparring-Badminton-by-ST-Badminton-Academy-KL-Malaysia-Gombak.gif\" alt=\"Ph\u01b0\u01a1ng ph\u00e1p \u0111\u1ea5u t\u1eadp (sparring) c\u1ea7u l\u00f4ng t\u1ea1i ST Badminton Academy KL Malaysia Gombak\" title=\"Ph\u01b0\u01a1ng ph\u00e1p \u0111\u1ea5u t\u1eadp (sparring) c\u1ea7u l\u00f4ng t\u1ea1i ST Badminton Academy KL Malaysia Gombak\"\/><\/figure>\n\n<\/div><\/div>\n\n<div class=\"gb-container gb-container-2f30deb6\"><div class=\"gb-inside-container\">\n\n<h4 class=\"gb-headline gb-headline-226ad553 gb-headline-text\"><strong>Ph\u01b0\u01a1ng Ph\u00e1p <mark style=\"background-color:rgba(0, 0, 0, 0)\" class=\"has-inline-color has-global-color-7-color\">Hu\u1ea5n Luy\u1ec7n 7<\/mark><\/strong><\/h4>\n\n\n\n<p class=\"gb-headline gb-headline-cfee49f5 gb-headline-text\"><em><strong>\u0110\u1ea5u T\u1eadp (Sparring) + K\u1ef9 N\u0103ng<\/strong><\/em><br><br>\u0110\u1ea5u t\u1eadp (sparring) l\u00e0 c\u00f4ng c\u1ee5 luy\u1ec7n t\u1eadp gi\u00e1 tr\u1ecb cho h\u1ecdc vi\u00ean \u1edf tr\u00ecnh \u0111\u1ed9 n\u00e2ng cao, m\u1eb7c d\u00f9 c\u00f3 th\u1ec3 ch\u01b0a ph\u00f9 h\u1ee3p v\u1edbi ng\u01b0\u1eddi m\u1edbi b\u1eaft \u0111\u1ea7u. \u0110\u1ed9i ng\u0169 hu\u1ea5n luy\u1ec7n vi\u00ean gi\u00e0u kinh nghi\u1ec7m c\u1ee7a ch\u00fang t\u00f4i lu\u00f4n \u0111i\u1ec1u ch\u1ec9nh l\u1ecbch tr\u00ecnh t\u1eadp luy\u1ec7n \u0111\u1ec3 ph\u00f9 h\u1ee3p v\u1edbi nhu c\u1ea7u v\u00e0 tr\u00ecnh \u0111\u1ed9 k\u1ef9 n\u0103ng ri\u00eang bi\u1ec7t c\u1ee7a t\u1eebng h\u1ecdc vi\u00ean.<\/p>\n\n<\/div><\/div>\n<\/div><\/div><\/div>\n\n<div class=\"gb-grid-column gb-grid-column-0eacd787\"><div class=\"gb-container gb-container-0eacd787\"><div class=\"gb-inside-container\">\n<div class=\"gb-container gb-container-8df5d364\"><div class=\"gb-inside-container\">\n\n<figure class=\"gb-block-image gb-block-image-d4c30da9\"><img decoding=\"async\" class=\"gb-image gb-image-d4c30da9\" src=\"http:\/\/stbadmintonacademy.my\/wp-content\/uploads\/2022\/09\/Training-Method-9-by-ST-Badminton-Academy-Singapore.gif\" alt=\"Ph\u01b0\u01a1ng ph\u00e1p t\u1eadp luy\u1ec7n c\u1ea7u l\u00f4ng s\u1ed1 8 t\u1ea1i ST Badminton Academy Malaysia KL\" title=\"Ph\u01b0\u01a1ng ph\u00e1p t\u1eadp luy\u1ec7n c\u1ea7u l\u00f4ng s\u1ed1 8 t\u1ea1i ST Badminton Academy Malaysia KL\"\/><\/figure>\n\n<\/div><\/div>\n\n<div class=\"gb-container gb-container-768da675\"><div class=\"gb-inside-container\">\n\n<h4 class=\"gb-headline gb-headline-10c55642 gb-headline-text\"><strong>Ph\u01b0\u01a1ng Ph\u00e1p <mark style=\"background-color:rgba(0, 0, 0, 0)\" class=\"has-inline-color has-global-color-7-color\">Hu\u1ea5n Luy\u1ec7n 8<\/mark><\/strong><\/h4>\n\n\n\n<p class=\"gb-headline gb-headline-8d99515c gb-headline-text\"><em><strong>K\u1ef9 N\u0103ng + K\u1ef9 Thu\u1eadt<\/strong><\/em><br><br> Vi\u1ec7c k\u1ebft h\u1ee3p r\u00e8n luy\u1ec7n k\u1ef9 n\u0103ng v\u00e0 k\u1ef9 thu\u1eadt th\u01b0\u1eddng d\u00e0nh cho nh\u1eefng ng\u01b0\u1eddi ch\u01a1i \u0111\u00e3 \u0111\u1ea1t tr\u00ecnh \u0111\u1ed9 c\u01a1 b\u1ea3n cao ho\u1eb7c cao h\u01a1n. Ph\u01b0\u01a1ng ph\u00e1p n\u00e0y ch\u1ee7 y\u1ebfu h\u01b0\u1edbng \u0111\u1ebfn vi\u1ec7c n\u00e2ng cao s\u1ef1 \u1ed5n \u0111\u1ecbnh v\u00e0 gi\u1ea3m thi\u1ec3u c\u00e1c l\u1ed7i \u0111\u00e1nh h\u1ecfng.<\/p>\n\n<\/div><\/div>\n<\/div><\/div><\/div>\n\n<div class=\"gb-grid-column gb-grid-column-298eeedb\"><div class=\"gb-container gb-container-298eeedb\"><div class=\"gb-inside-container\">\n<div class=\"gb-container gb-container-ec7f42bd\"><div class=\"gb-inside-container\">\n\n<figure class=\"gb-block-image gb-block-image-22ea573a\"><img loading=\"lazy\" decoding=\"async\" width=\"600\" height=\"338\" class=\"gb-image gb-image-22ea573a\" src=\"http:\/\/stbadmintonacademy.my\/wp-content\/uploads\/2025\/07\/Badminton-Training-Method-8-Skill-and-Consistency-coaching-by-ST-Badminton-Academy-Wangsa-Maju-KL.gif\" alt=\"Ph\u01b0\u01a1ng ph\u00e1p hu\u1ea5n luy\u1ec7n k\u1ef9 n\u0103ng v\u00e0 s\u1ef1 \u1ed5n \u0111\u1ecbnh trong c\u1ea7u l\u00f4ng t\u1ea1i ST Badminton Academy Wangsa Maju KL\" title=\"Ph\u01b0\u01a1ng ph\u00e1p hu\u1ea5n luy\u1ec7n k\u1ef9 n\u0103ng v\u00e0 s\u1ef1 \u1ed5n \u0111\u1ecbnh trong c\u1ea7u l\u00f4ng t\u1ea1i ST Badminton Academy Wangsa Maju KL\"\/><\/figure>\n\n<\/div><\/div>\n\n<div class=\"gb-container gb-container-792a5dbf\"><div class=\"gb-inside-container\">\n\n<h4 class=\"gb-headline gb-headline-d8958486 gb-headline-text\"><strong>Ph\u01b0\u01a1ng Ph\u00e1p <mark style=\"background-color:rgba(0, 0, 0, 0)\" class=\"has-inline-color has-global-color-7-color\">Hu\u1ea5n Luy\u1ec7n 9<\/mark><\/strong><\/h4>\n\n\n\n<p class=\"gb-headline gb-headline-9b331ae4 gb-headline-text\"><em><strong>S\u1ef1 \u1ed4n \u0110\u1ecbnh + T\u1eadp Luy\u1ec7n Ch\u00e9o<\/strong><\/em><br><br> \u0110\u1ea1t \u0111\u01b0\u1ee3c s\u1ef1 \u1ed5n \u0111\u1ecbnh trong t\u1eebng c\u00fa \u0111\u00e1nh l\u00e0 y\u1ebfu t\u1ed1 quan tr\u1ecdng \u0111\u1ed1i v\u1edbi hi\u1ec7u su\u1ea5t c\u1ee7a ng\u01b0\u1eddi ch\u01a1i, b\u1edfi ngay c\u1ea3 m\u1ed9t l\u1ed7i nh\u1ecf nh\u1ea5t c\u0169ng c\u00f3 th\u1ec3 ph\u1ea3i tr\u1ea3 gi\u00e1 \u0111\u1eaft. \u0110i\u1ec1u n\u00e0y \u0111\u1eb7c bi\u1ec7t \u0111\u00fang v\u1edbi c\u00e1c h\u1ecdc vi\u00ean \u0111\u00e3 b\u1eaft \u0111\u1ea7u tham gia thi \u0111\u1ea5u. \u0110\u1ec3 \u0111\u1ea3m b\u1ea3o h\u1ecdc vi\u00ean ti\u1ebfn b\u1ed9 \u0111\u00fang h\u01b0\u1edbng, \u0111\u1ed9i ng\u0169 hu\u1ea5n luy\u1ec7n vi\u00ean c\u1ee7a ch\u00fang t\u00f4i lu\u00f4n gi\u00e1m s\u00e1t ch\u1eb7t ch\u1ebd l\u1ed9 tr\u00ecnh t\u1eadp luy\u1ec7n.<\/p>\n\n<\/div><\/div>\n<\/div><\/div><\/div>\n\n<div class=\"gb-grid-column gb-grid-column-511af5d4\"><div class=\"gb-container gb-container-511af5d4\"><div class=\"gb-inside-container\">\n<div class=\"gb-container gb-container-f32da5d8\"><div class=\"gb-inside-container\">\n\n<figure class=\"gb-block-image gb-block-image-f25a6131\"><img loading=\"lazy\" decoding=\"async\" width=\"600\" height=\"340\" class=\"gb-image gb-image-f25a6131\" src=\"http:\/\/stbadmintonacademy.my\/wp-content\/uploads\/2025\/07\/Badminton-Training-Method-10-Multiple-Shuttle-Training-not-blindy-train-by-ST-Badminton-Academy-Melati.gif\" alt=\"Ph\u01b0\u01a1ng ph\u00e1p hu\u1ea5n luy\u1ec7n c\u1ea7u l\u00f4ng nhi\u1ec1u qu\u1ea3 t\u1ea1i ST Badminton Academy Melati\" title=\"Ph\u01b0\u01a1ng ph\u00e1p hu\u1ea5n luy\u1ec7n c\u1ea7u l\u00f4ng nhi\u1ec1u qu\u1ea3 t\u1ea1i ST Badminton Academy Melati\"\/><\/figure>\n\n<\/div><\/div>\n\n<div class=\"gb-container gb-container-14215442\"><div class=\"gb-inside-container\">\n\n<h4 class=\"gb-headline gb-headline-afa9971f gb-headline-text\"><strong>Ph\u01b0\u01a1ng Ph\u00e1p <mark style=\"background-color:rgba(0, 0, 0, 0)\" class=\"has-inline-color has-global-color-7-color\">Hu\u1ea5n Luy\u1ec7n 10<\/mark><\/strong><\/h4>\n\n\n\n<p class=\"gb-headline gb-headline-99cace37 gb-headline-text\"><em><a href=\"https:\/\/stbadmintonacademy.my\/vi\/how-to-play-badminton-with-speed-and-agility-techniques-and-training-methods\/\"><strong>T\u1ed1c \u0110\u1ed9, S\u1ef1 Linh Ho\u1ea1t + S\u1ee9c M\u1ea1nh<\/strong><\/a><\/em><br><br>Ph\u01b0\u01a1ng ph\u00e1p hu\u1ea5n luy\u1ec7n c\u1ee7a ch\u00fang t\u00f4i \u01b0u ti\u00ean ph\u00e1t tri\u1ec3n t\u01b0 duy nh\u1ea1y b\u00e9n v\u00e0 k\u1ef9 n\u0103ng k\u1ef9 thu\u1eadt, gi\u00fap h\u1ecdc vi\u00ean c\u00e2n b\u1eb1ng gi\u1eefa t\u1ed1c \u0111\u1ed9 v\u00e0 s\u1ee9c m\u1ea1nh v\u1edbi s\u1ef1 \u1ed5n \u0111\u1ecbnh. Ch\u00fang t\u00f4i ch\u00fa tr\u1ecdng ch\u1ea5t l\u01b0\u1ee3ng gi\u1ea3ng d\u1ea1y, tr\u00e1nh vi\u1ec7c d\u1ea1y \u0111\u1eadp c\u1ea7u &#8220;h\u1ebft s\u1ee9c&#8221; m\u1ed9t c\u00e1ch m\u00f9 qu\u00e1ng, \u0111i\u1ec1u n\u00e0y d\u1ec5 d\u1eabn \u0111\u1ebfn sai s\u00f3t v\u00e0 kh\u00f4ng hi\u1ec7u qu\u1ea3 v\u1ec1 l\u00e2u d\u00e0i.<\/p>\n\n<\/div><\/div>\n<\/div><\/div><\/div>\n<\/div>\n<\/div><\/div>\n\n\n<p class=\"has-small-font-size\"><\/p>\n\n<\/div><\/div>","protected":false},"excerpt":{"rendered":"<p>Ph\u01b0\u01a1ng Ph\u00e1p Hu\u1ea5n Luy\u1ec7n C\u1ea7u L\u00f4ng C\u1ee7a Ch\u00fang &#8230; <a title=\"Ph\u01b0\u01a1ng ph\u00e1p &amp; h\u1ec7 th\u1ed1ng hu\u1ea5n luy\u1ec7n\" class=\"read-more\" href=\"https:\/\/stbadmintonacademy.my\/vi\/our-training-method\/\" aria-label=\"Read more about Ph\u01b0\u01a1ng ph\u00e1p &amp; h\u1ec7 th\u1ed1ng hu\u1ea5n luy\u1ec7n\">Read more<\/a><\/p>\n","protected":false},"author":1,"featured_media":78904,"parent":0,"menu_order":0,"comment_status":"closed","ping_status":"closed","template":"","meta":{"footnotes":""},"class_list":{"0":"post-94182","1":"page","2":"type-page","3":"status-publish","4":"has-post-thumbnail","6":"infinite-scroll-item"},"_links":{"self":[{"href":"https:\/\/stbadmintonacademy.my\/vi\/wp-json\/wp\/v2\/pages\/94182","targetHints":{"allow":["GET"]}}],"collection":[{"href":"https:\/\/stbadmintonacademy.my\/vi\/wp-json\/wp\/v2\/pages"}],"about":[{"href":"https:\/\/stbadmintonacademy.my\/vi\/wp-json\/wp\/v2\/types\/page"}],"author":[{"embeddable":true,"href":"https:\/\/stbadmintonacademy.my\/vi\/wp-json\/wp\/v2\/users\/1"}],"replies":[{"embeddable":true,"href":"https:\/\/stbadmintonacademy.my\/vi\/wp-json\/wp\/v2\/comments?post=94182"}],"version-history":[{"count":0,"href":"https:\/\/stbadmintonacademy.my\/vi\/wp-json\/wp\/v2\/pages\/94182\/revisions"}],"wp:featuredmedia":[{"embeddable":true,"href":"https:\/\/stbadmintonacademy.my\/vi\/wp-json\/wp\/v2\/media\/78904"}],"wp:attachment":[{"href":"https:\/\/stbadmintonacademy.my\/vi\/wp-json\/wp\/v2\/media?parent=94182"}],"curies":[{"name":"wp","href":"https:\/\/api.w.org\/{rel}","templated":true}]}}