{"id":94024,"date":"2022-09-05T17:22:44","date_gmt":"2022-09-05T09:22:44","guid":{"rendered":"https:\/\/stbadmintonacademy.my\/intake-application-rules\/"},"modified":"2025-12-12T10:23:55","modified_gmt":"2025-12-12T02:23:55","slug":"intake-application-rules","status":"publish","type":"page","link":"https:\/\/stbadmintonacademy.my\/vi\/intake-application-rules\/","title":{"rendered":"C\u00e1ch \u0111\u0103ng k\u00fd"},"content":{"rendered":"<div class=\"gb-container gb-container-b987a394\"><div class=\"gb-inside-container\">\n\n<h1 class=\"gb-headline gb-headline-3b9dd504 gb-headline-text\"><strong>Quy \u0110\u1ecbnh<mark style=\"background-color:rgba(0, 0, 0, 0)\" class=\"has-inline-color has-global-color-7-color\"> <\/mark><mark style=\"background-color:rgba(0, 0, 0, 0)\" class=\"has-inline-color has-base-3-color\">V\u1ec1<\/mark><mark style=\"background-color:rgba(0, 0, 0, 0)\" class=\"has-inline-color has-global-color-7-color\"> \u0110\u0103ng K\u00fd H\u1ecdc<\/mark><\/strong><\/h1>\n\n\n<nav aria-label=\"breadcrumbs\" class=\"rank-math-breadcrumb\"><p><span class=\"last\">Home<\/span><\/p><\/nav>\n\n\n\n<p class=\"gb-headline gb-headline-d62b776b gb-headline-text\"><br>Vui l\u00f2ng tu\u00e2n th\u1ee7 quy \u0111\u1ecbnh c\u1ee7a <a href=\"https:\/\/stbadmintonacademy.my\/vi\/badminton-academy-near-me\/\">H\u1ecdc vi\u1ec7n C\u1ea7u l\u00f4ng ST<\/a> \u0111\u1ec3 \u0111\u01a1n \u0111\u0103ng k\u00fd c\u1ee7a b\u1ea1n \u0111\u01b0\u1ee3c duy\u1ec7t nhanh ch\u00f3ng.<br>C\u1eadp nh\u1eadt l\u1ea7n cu\u1ed1i: <mark class=\"gb-highlight\"><mark style=\"background-color:rgba(0, 0, 0, 0)\" class=\"has-inline-color has-global-color-7-color\"><strong>08\/09\/2025<\/strong><\/mark><\/mark><\/p>\n\n<\/div><div class=\"gb-shapes\"><div class=\"gb-shape gb-shape-1\"><svg xmlns=\"http:\/\/www.w3.org\/2000\/svg\" viewBox=\"0 0 1200 218\" preserveAspectRatio=\"none\"><path d=\"M0 218h1200v-31.3l-40 4.4c-40 4.8-120 13.1-200 0-80-13.6-160-48.6-240-66.7-80-17.8-160-17.8-240-8.8-80 8.6-160 26.9-240 8.8-80-17.7-160-71.1-200-97.7L0 0v218z\"\/><\/svg><\/div><div class=\"gb-shape gb-shape-2\"><svg xmlns=\"http:\/\/www.w3.org\/2000\/svg\" viewBox=\"0 0 1200 218\" preserveAspectRatio=\"none\"><path d=\"M0 218h1200v-31.3l-40 4.4c-40 4.8-120 13.1-200 0-80-13.6-160-48.6-240-66.7-80-17.8-160-17.8-240-8.8-80 8.6-160 26.9-240 8.8-80-17.7-160-71.1-200-97.7L0 0v218z\"\/><\/svg><\/div><div class=\"gb-shape gb-shape-3\"><svg xmlns=\"http:\/\/www.w3.org\/2000\/svg\" viewBox=\"0 0 1200 218\" preserveAspectRatio=\"none\"><path d=\"M0 218h1200v-31.3l-40 4.4c-40 4.8-120 13.1-200 0-80-13.6-160-48.6-240-66.7-80-17.8-160-17.8-240-8.8-80 8.6-160 26.9-240 8.8-80-17.7-160-71.1-200-97.7L0 0v218z\"\/><\/svg><\/div><\/div><\/div>\n\n<div class=\"gb-container gb-container-5f5fb83e\"><div class=\"gb-inside-container\">\n<div class=\"gb-container gb-container-66cd9702\"><div class=\"gb-inside-container\">\n\n<p class=\"gb-headline gb-headline-13bbf7db gb-headline-text\">T\u1ea5t c\u1ea3 quy tr\u00ecnh tuy\u1ec3n sinh \u0111\u1ec1u ph\u1ea3i th\u1ef1c hi\u1ec7n <strong><mark style=\"background-color:rgba(0, 0, 0, 0)\" class=\"has-inline-color has-global-color-7-color\">tr\u1ef1c tuy\u1ebfn,<\/mark><\/strong> \u0111\u1eb7c bi\u1ec7t l\u00e0 c\u00e1c <a href=\"https:\/\/stbadmintonacademy.my\/vi\/badminton-classes-for-kids-singapore\/\"><strong>l\u1edbp c\u1ea7u l\u00f4ng cho tr\u1ebb em<\/strong><\/a>. Vui l\u00f2ng l\u00e0m theo c\u00e1c b\u01b0\u1edbc h\u01b0\u1edbng d\u1eabn d\u01b0\u1edbi \u0111\u00e2y:<\/p>\n\n\n<div class=\"gb-grid-wrapper gb-grid-wrapper-2ac99c55\">\n<div class=\"gb-grid-column gb-grid-column-b9881e4a\"><div class=\"gb-container gb-container-b9881e4a\"><div class=\"gb-inside-container\">\n<div class=\"gb-container gb-container-c4a5dbf6\"><div class=\"gb-inside-container\">\n<div class=\"gb-button-wrapper gb-button-wrapper-cd24c0fe\">\n\n<span class=\"gb-button gb-button-56cc505a\"><span class=\"gb-icon\"><svg xml:space=\"preserve\" style=\"enable-background:new 0 0 474 474;\" viewBox=\"0 0 474 474\" y=\"0px\" x=\"0px\" xmlns:xlink=\"http:\/\/www.w3.org\/1999\/xlink\" xmlns=\"http:\/\/www.w3.org\/2000\/svg\" id=\"Capa_1\" version=\"1.1\"> <g> \t<g> \t\t<path d=\"M273.4,127.6c-4.7-4.7-12.3-4.7-17,0s-4.7,12.3,0,17l80.4,80.4H12c-6.6,0-12,5.4-12,12s5.4,12,12,12h324.8l-80.4,80.4 \t\t\tc-4.7,4.7-4.7,12.3,0,17c2.3,2.3,5.4,3.5,8.5,3.5s6.1-1.2,8.5-3.5l100.9-100.9c4.7-4.7,4.7-12.3,0-17L273.4,127.6z\"><\/path> \t\t<path d=\"M462,57.5c3.2,0,6.3-1.3,8.5-3.5s3.5-5.3,3.5-8.5c0-3.2-1.3-6.3-3.5-8.5s-5.3-3.5-8.5-3.5s-6.3,1.3-8.5,3.5 \t\t\ts-3.5,5.3-3.5,8.5c0,3.2,1.3,6.3,3.5,8.5C455.8,56.3,458.8,57.5,462,57.5z\"><\/path> \t\t<path d=\"M462,225c-6.6,0-12,5.4-12,12s5.4,12,12,12s12-5.4,12-12S468.6,225,462,225z\"><\/path> \t\t<path d=\"M462,129.3c-6.6,0-12,5.4-12,12s5.4,12,12,12s12-5.4,12-12C474,134.6,468.6,129.3,462,129.3z\"><\/path> \t\t<path d=\"M462,177.1c-6.6,0-12,5.4-12,12s5.4,12,12,12s12-5.4,12-12S468.6,177.1,462,177.1z\"><\/path> \t\t<path d=\"M462,81.4c-6.6,0-12,5.4-12,12s5.4,12,12,12s12-5.4,12-12S468.6,81.4,462,81.4z\"><\/path> \t\t<path d=\"M462,272.9c-6.6,0-12,5.4-12,12s5.4,12,12,12s12-5.4,12-12C474,278.2,468.6,272.9,462,272.9z\"><\/path> \t\t<path d=\"M462,320.7c-6.6,0-12,5.4-12,12s5.4,12,12,12s12-5.4,12-12S468.6,320.7,462,320.7z\"><\/path> \t\t<path d=\"M462,368.6c-6.6,0-12,5.4-12,12s5.4,12,12,12s12-5.4,12-12S468.6,368.6,462,368.6z\"><\/path> \t\t<path d=\"M462,416.5c-3.2,0-6.3,1.3-8.5,3.5s-3.5,5.3-3.5,8.5s1.3,6.3,3.5,8.5s5.3,3.5,8.5,3.5s6.3-1.3,8.5-3.5s3.5-5.3,3.5-8.5 \t\t\ts-1.3-6.3-3.5-8.5C468.3,417.7,465.2,416.5,462,416.5z\"><\/path> \t<\/g> <\/g> <g> <\/g> <g> <\/g> <g> <\/g> <g> <\/g> <g> <\/g> <g> <\/g> <g> <\/g> <g> <\/g> <g> <\/g> <g> <\/g> <g> <\/g> <g> <\/g> <g> <\/g> <g> <\/g> <\/svg><\/span><\/span>\n\n<\/div>\n\n\n<h6 class=\"gb-headline gb-headline-6a3e32b9 gb-headline-text\">B\u01b0\u1edbc 1<\/h6>\n\n\n\n<p>Nh\u1ea5n v\u00e0o n\u00fat \u201c<strong>\u0110\u0102NG K\u00dd<\/strong>\u201d ho\u1eb7c&nbsp;<strong><a href=\"https:\/\/stbadmintonacademy.my\/zh-hans\/application\/\">Nh\u1ea5n v\u00e0o \u0111\u00e2y<\/a><\/strong>&nbsp;\u0111\u1ec3 v\u00e0o trang \u0111\u0103ng k\u00fd l\u1edbp h\u1ecdc ch\u00ednh th\u1ee9c.<\/p>\n\n<\/div><\/div>\n\n<div class=\"gb-container gb-container-1fba9a7c\"><div class=\"gb-inside-container\">\n\n<h6 class=\"gb-headline gb-headline-b9649a1d gb-headline-text\">\u0110\u0103ng K\u00fd<\/h6>\n\n\n\n<p class=\"gb-headline gb-headline-ce277a3c gb-headline-text\">\u0111ang th\u1ef1c hi\u1ec7n<\/p>\n\n<\/div><\/div>\n<\/div><\/div><\/div>\n\n<div class=\"gb-grid-column gb-grid-column-b6a6ce0b\"><div class=\"gb-container gb-container-b6a6ce0b\"><div class=\"gb-inside-container\">\n<div class=\"gb-container gb-container-d7160718\"><div class=\"gb-inside-container\">\n<div class=\"gb-button-wrapper gb-button-wrapper-fe21c0c8\">\n\n<span class=\"gb-button gb-button-598e65d0\"><span class=\"gb-icon\"><svg xml:space=\"preserve\" style=\"enable-background:new 0 0 474 474;\" viewBox=\"0 0 474 474\" y=\"0px\" x=\"0px\" xmlns:xlink=\"http:\/\/www.w3.org\/1999\/xlink\" xmlns=\"http:\/\/www.w3.org\/2000\/svg\" id=\"Capa_1\" version=\"1.1\"> <g> \t<g> \t\t<path d=\"M273.4,127.6c-4.7-4.7-12.3-4.7-17,0s-4.7,12.3,0,17l80.4,80.4H12c-6.6,0-12,5.4-12,12s5.4,12,12,12h324.8l-80.4,80.4 \t\t\tc-4.7,4.7-4.7,12.3,0,17c2.3,2.3,5.4,3.5,8.5,3.5s6.1-1.2,8.5-3.5l100.9-100.9c4.7-4.7,4.7-12.3,0-17L273.4,127.6z\"><\/path> \t\t<path d=\"M462,57.5c3.2,0,6.3-1.3,8.5-3.5s3.5-5.3,3.5-8.5c0-3.2-1.3-6.3-3.5-8.5s-5.3-3.5-8.5-3.5s-6.3,1.3-8.5,3.5 \t\t\ts-3.5,5.3-3.5,8.5c0,3.2,1.3,6.3,3.5,8.5C455.8,56.3,458.8,57.5,462,57.5z\"><\/path> \t\t<path d=\"M462,225c-6.6,0-12,5.4-12,12s5.4,12,12,12s12-5.4,12-12S468.6,225,462,225z\"><\/path> \t\t<path d=\"M462,129.3c-6.6,0-12,5.4-12,12s5.4,12,12,12s12-5.4,12-12C474,134.6,468.6,129.3,462,129.3z\"><\/path> \t\t<path d=\"M462,177.1c-6.6,0-12,5.4-12,12s5.4,12,12,12s12-5.4,12-12S468.6,177.1,462,177.1z\"><\/path> \t\t<path d=\"M462,81.4c-6.6,0-12,5.4-12,12s5.4,12,12,12s12-5.4,12-12S468.6,81.4,462,81.4z\"><\/path> \t\t<path d=\"M462,272.9c-6.6,0-12,5.4-12,12s5.4,12,12,12s12-5.4,12-12C474,278.2,468.6,272.9,462,272.9z\"><\/path> \t\t<path d=\"M462,320.7c-6.6,0-12,5.4-12,12s5.4,12,12,12s12-5.4,12-12S468.6,320.7,462,320.7z\"><\/path> \t\t<path d=\"M462,368.6c-6.6,0-12,5.4-12,12s5.4,12,12,12s12-5.4,12-12S468.6,368.6,462,368.6z\"><\/path> \t\t<path d=\"M462,416.5c-3.2,0-6.3,1.3-8.5,3.5s-3.5,5.3-3.5,8.5s1.3,6.3,3.5,8.5s5.3,3.5,8.5,3.5s6.3-1.3,8.5-3.5s3.5-5.3,3.5-8.5 \t\t\ts-1.3-6.3-3.5-8.5C468.3,417.7,465.2,416.5,462,416.5z\"><\/path> \t<\/g> <\/g> <g> <\/g> <g> <\/g> <g> <\/g> <g> <\/g> <g> <\/g> <g> <\/g> <g> <\/g> <g> <\/g> <g> <\/g> <g> <\/g> <g> <\/g> <g> <\/g> <g> <\/g> <g> <\/g> <\/svg><\/span><\/span>\n\n<\/div>\n\n\n<h6 class=\"gb-headline gb-headline-7bab6c20 gb-headline-text\">B\u01b0\u1edbc 2<\/h6>\n\n\n\n<p>Tr\u1ea3 l\u1eddi v\u00e0 \u0111i\u1ec1n \u0111\u1ea7y \u0111\u1ee7, ch\u00ednh x\u00e1c c\u00e1c th\u00f4ng tin chi ti\u1ebft c\u1ee7a h\u1ecdc vi\u00ean v\u00e0o bi\u1ec3u m\u1eabu.<\/p>\n\n<\/div><\/div>\n\n<div class=\"gb-container gb-container-c609063a\"><div class=\"gb-inside-container\">\n\n<h6 class=\"gb-headline gb-headline-86db622a gb-headline-text\">Chi Ti\u1ebft<\/h6>\n\n\n\n<p class=\"gb-headline gb-headline-774f27cf gb-headline-text\">\u0111ang th\u1ef1c hi\u1ec7n<\/p>\n\n<\/div><\/div>\n<\/div><\/div><\/div>\n\n<div class=\"gb-grid-column gb-grid-column-ae31f9d5\"><div class=\"gb-container gb-container-ae31f9d5\"><div class=\"gb-inside-container\">\n<div class=\"gb-container gb-container-7dca6e51\"><div class=\"gb-inside-container\">\n<div class=\"gb-button-wrapper gb-button-wrapper-54a54fae\">\n\n<span class=\"gb-button gb-button-bb263c6c\"><span class=\"gb-icon\"><svg class=\"icon\" xmlns=\"http:\/\/www.w3.org\/2000\/svg\" viewBox=\"0 0 1024 1024\" height=\"1024px\" width=\"1024px\">   <path d=\"M688 312v-48c0-4.4-3.6-8-8-8H296c-4.4 0-8 3.6-8 8v48c0 4.4 3.6 8 8 8h384c4.4 0 8-3.6 8-8zm-392 88c-4.4 0-8 3.6-8 8v48c0 4.4 3.6 8 8 8h184c4.4 0 8-3.6 8-8v-48c0-4.4-3.6-8-8-8H296zm376 116c-119.3 0-216 96.7-216 216s96.7 216 216 216 216-96.7 216-216-96.7-216-216-216zm107.5 323.5C750.8 868.2 712.6 884 672 884s-78.8-15.8-107.5-44.5C535.8 810.8 520 772.6 520 732s15.8-78.8 44.5-107.5C593.2 595.8 631.4 580 672 580s78.8 15.8 107.5 44.5C808.2 653.2 824 691.4 824 732s-15.8 78.8-44.5 107.5zM761 656h-44.3c-2.6 0-5 1.2-6.5 3.3l-63.5 87.8-23.1-31.9a7.92 7.92 0 0 0-6.5-3.3H573c-6.5 0-10.3 7.4-6.5 12.7l73.8 102.1c3.2 4.4 9.7 4.4 12.9 0l114.2-158c3.9-5.3.1-12.7-6.4-12.7zM440 852H208V148h560v344c0 4.4 3.6 8 8 8h56c4.4 0 8-3.6 8-8V108c0-17.7-14.3-32-32-32H168c-17.7 0-32 14.3-32 32v784c0 17.7 14.3 32 32 32h272c4.4 0 8-3.6 8-8v-56c0-4.4-3.6-8-8-8z\"><\/path> <\/svg><\/span><\/span>\n\n<\/div>\n\n\n<h6 class=\"gb-headline gb-headline-cccec65a gb-headline-text\">B\u01b0\u1edbc 3<\/h6>\n\n\n\n<p>Sau khi \u0111i\u1ec1n xong th\u00f4ng tin (bao g\u1ed3m c\u1ea3 ch\u1eef k\u00fd c\u1ee7a ph\u1ee5 huynh), h\u00e3y nh\u1ea5n g\u1eedi \u0111\u01a1n \u0111\u0103ng k\u00fd.<\/p>\n\n<\/div><\/div>\n\n<div class=\"gb-container gb-container-de349fa1\"><div class=\"gb-inside-container\">\n\n<h6 class=\"gb-headline gb-headline-c2b1096d gb-headline-text\">G\u1eedi \u0110i<\/h6>\n\n\n\n<p class=\"gb-headline gb-headline-5d6d6daa gb-headline-text\">ho\u00e0n t\u1ea5t<\/p>\n\n<\/div><\/div>\n<\/div><\/div><\/div>\n<\/div>\n<\/div><\/div>\n\n\n<p class=\"has-small-font-size\">G\u1eb7p kh\u00f3 kh\u0103n khi nh\u1ea5n n\u00fat? H\u00e3y nh\u1ea5n v\u00e0o n\u00fat b\u00ean d\u01b0\u1edbi \u0111\u1ec3 \u0111\u0103ng k\u00fd ngay<\/p>\n\n\n<div class=\"gb-button-wrapper gb-button-wrapper-f14222e1\">\n\n<a class=\"gb-button gb-button-753132a3\" href=\"https:\/\/stbadmintonacademy.my\/zh-hans\/application\/\"><span class=\"gb-button-text\">\u0110\u0102NG K\u00dd NGAY<\/span><span class=\"gb-icon\"><svg xmlns=\"http:\/\/www.w3.org\/2000\/svg\" viewBox=\"0 0 256 512\" width=\"1em\" height=\"1em\" aria-hidden=\"true\"><path d=\"M224.3 273l-136 136c-9.4 9.4-24.6 9.4-33.9 0l-22.6-22.6c-9.4-9.4-9.4-24.6 0-33.9l96.4-96.4-96.4-96.4c-9.4-9.4-9.4-24.6 0-33.9L54.3 103c9.4-9.4 24.6-9.4 33.9 0l136 136c9.5 9.4 9.5 24.6.1 34z\" fill=\"currentColor\"><\/path><\/svg><\/span><\/a>\n\n<\/div>\n\n\n<p><strong><em>T\u1ea1i sao b\u1eaft bu\u1ed9c ph\u1ea3i \u0111\u0103ng k\u00fd tr\u1ef1c tuy\u1ebfn?<\/em><\/strong><\/p>\n\n\n\n<ol class=\"wp-block-list\">\n<li>Hi\u1ec7n t\u1ea1i ch\u00fang t\u00f4i nh\u1eadn \u0111\u01b0\u1ee3c s\u1ed1 l\u01b0\u1ee3ng \u0111\u01a1n \u0111\u0103ng k\u00fd r\u1ea5t l\u1edbn, v\u00e0 l\u1ecbch tr\u00ecnh c\u1ee7a <strong><a href=\"https:\/\/stbadmintonacademy.my\/vi\/badminton-coach-singapore\/\">hu\u1ea5n luy\u1ec7n vi\u00ean c\u1ea7u l\u00f4ng<\/a><\/strong> ch\u1ee7 y\u1ebfu t\u1eadp trung v\u00e0o vi\u1ec7c hu\u1ea5n luy\u1ec7n tr\u00ean s\u00e2n. Do \u0111\u00f3, th\u1ea7y c\u00f3 th\u1ec3 kh\u00f4ng nghe \u0111i\u1ec7n tho\u1ea1i th\u01b0\u1eddng xuy\u00ean nh\u01b0 mong mu\u1ed1n. Ch\u00fang t\u00f4i th\u00e0nh th\u1eadt xin l\u1ed7i v\u00ec s\u1ef1 b\u1ea5t ti\u1ec7n n\u00e0y v\u00e0 mong nh\u1eadn \u0111\u01b0\u1ee3c s\u1ef1 ki\u00ean nh\u1eabn t\u1eeb qu\u00fd ph\u1ee5 huynh.<br><br><\/li>\n\n\n\n<li>Ch\u00fang t\u00f4i k\u00ednh mong qu\u00fd v\u1ecb kh\u00f4ng g\u1ecdi \u0111i\u1ec7n tr\u1ef1c ti\u1ebfp \u0111\u1ec3 xin su\u1ea5t h\u1ecdc trong giai \u0111o\u1ea1n n\u00e0y, b\u1ea5t k\u1ec3 l\u00fd do l\u00e0 g\u00ec. Vui l\u00f2ng l\u01b0u \u00fd r\u1eb1ng ch\u00fang t\u00f4i kh\u00f4ng th\u1ec3 \u0111\u01b0a ra gi\u1ea3i ph\u00e1p ngay l\u1eadp t\u1ee9c ho\u1eb7c tr\u1ea3 l\u1eddi c\u00e1c y\u00eau c\u1ea7u t\u1ea1i ch\u1ed7 qua \u0111i\u1ec7n tho\u1ea1i. Vi\u1ec7c li\u00ean t\u1ee5c g\u1ecdi \u0111i\u1ec7n c\u00f3 th\u1ec3 l\u00e0m gi\u1ea3m c\u01a1 h\u1ed9i \u0111\u01b0\u1ee3c x\u00e9t duy\u1ec7t \u0111\u01a1n c\u1ee7a b\u1ea1n. Xin c\u1ea3m \u01a1n s\u1ef1 h\u1ee3p t\u00e1c v\u00e0 th\u1ea5u hi\u1ec3u c\u1ee7a qu\u00fd v\u1ecb.<br><br><\/li>\n\n\n\n<li>Ch\u00fang t\u00f4i tr\u00e2n tr\u1ecdng y\u00eau c\u1ea7u t\u1ea5t c\u1ea3 h\u1ecdc vi\u00ean n\u1ed9p \u0111\u01a1n tr\u1ef1c tuy\u1ebfn tr\u01b0\u1edbc khi g\u1ecdi \u0111i\u1ec7n. Do l\u01b0\u1ee3ng cu\u1ed9c g\u1ecdi l\u1edbn, b\u1ea5t k\u1ef3 cu\u1ed9c g\u1ecdi \u0111\u1ebfn n\u00e0o ch\u01b0a c\u00f3 h\u1ed3 s\u01a1 \u0111\u0103ng k\u00fd tr\u1ef1c tuy\u1ebfn t\u01b0\u01a1ng \u1ee9ng s\u1ebd kh\u00f4ng \u0111\u01b0\u1ee3c \u01b0u ti\u00ean gi\u1ea3i quy\u1ebft ho\u1eb7c c\u00f3 th\u1ec3 chuy\u1ec3n sang h\u1ed9p th\u01b0 tho\u1ea1i. Ch\u00fang t\u00f4i c\u1ea3m \u01a1n s\u1ef1 h\u1ee3p t\u00e1c c\u1ee7a b\u1ea1n \u0111\u1ec3 ch\u00fang t\u00f4i c\u00f3 th\u1ec3 cung c\u1ea5p d\u1ecbch v\u1ee5 t\u1ed1t nh\u1ea5t cho t\u1ea5t c\u1ea3 h\u1ecdc vi\u00ean.<\/li>\n<\/ol>\n\n<\/div><div class=\"gb-shapes\"><div class=\"gb-shape gb-shape-1\"><svg xmlns=\"http:\/\/www.w3.org\/2000\/svg\" viewBox=\"0 0 1200 100\" preserveAspectRatio=\"none\"><path d=\"M1200 100H0V0l400 77.2L1200 0z\"\/><\/svg><\/div><div class=\"gb-shape gb-shape-2\"><svg xmlns=\"http:\/\/www.w3.org\/2000\/svg\" viewBox=\"0 0 1200 100\" preserveAspectRatio=\"none\"><path d=\"M1200 100H0V0l400 77.2L1200 0z\"\/><\/svg><\/div><\/div><\/div>","protected":false},"excerpt":{"rendered":"<p>Quy \u0110\u1ecbnh V\u1ec1 \u0110\u0103ng K\u00fd H\u1ecdc Vui l\u00f2ng &#8230; <a title=\"C\u00e1ch \u0111\u0103ng k\u00fd\" class=\"read-more\" href=\"https:\/\/stbadmintonacademy.my\/vi\/intake-application-rules\/\" aria-label=\"Read more about C\u00e1ch \u0111\u0103ng k\u00fd\">Read more<\/a><\/p>\n","protected":false},"author":1,"featured_media":78810,"parent":0,"menu_order":0,"comment_status":"closed","ping_status":"closed","template":"","meta":{"footnotes":""},"class_list":{"0":"post-94024","1":"page","2":"type-page","3":"status-publish","4":"has-post-thumbnail","6":"infinite-scroll-item"},"_links":{"self":[{"href":"https:\/\/stbadmintonacademy.my\/vi\/wp-json\/wp\/v2\/pages\/94024","targetHints":{"allow":["GET"]}}],"collection":[{"href":"https:\/\/stbadmintonacademy.my\/vi\/wp-json\/wp\/v2\/pages"}],"about":[{"href":"https:\/\/stbadmintonacademy.my\/vi\/wp-json\/wp\/v2\/types\/page"}],"author":[{"embeddable":true,"href":"https:\/\/stbadmintonacademy.my\/vi\/wp-json\/wp\/v2\/users\/1"}],"replies":[{"embeddable":true,"href":"https:\/\/stbadmintonacademy.my\/vi\/wp-json\/wp\/v2\/comments?post=94024"}],"version-history":[{"count":0,"href":"https:\/\/stbadmintonacademy.my\/vi\/wp-json\/wp\/v2\/pages\/94024\/revisions"}],"wp:featuredmedia":[{"embeddable":true,"href":"https:\/\/stbadmintonacademy.my\/vi\/wp-json\/wp\/v2\/media\/78810"}],"wp:attachment":[{"href":"https:\/\/stbadmintonacademy.my\/vi\/wp-json\/wp\/v2\/media?parent=94024"}],"curies":[{"name":"wp","href":"https:\/\/api.w.org\/{rel}","templated":true}]}}